{"id":88,"date":"2025-11-25T15:29:56","date_gmt":"2025-11-25T14:29:56","guid":{"rendered":"https:\/\/site.distillerielrg.com\/?page_id=88"},"modified":"2026-02-03T14:09:18","modified_gmt":"2026-02-03T13:09:18","slug":"service-de-distillation","status":"publish","type":"page","link":"https:\/\/distillerielrg.com\/en\/service-de-distillation\/","title":{"rendered":"Service de distillation"},"content":{"rendered":"\n<div class=\"wp-block-group alignfull has-global-padding is-layout-constrained wp-container-core-group-is-layout-4383d167 wp-block-group-is-layout-constrained\">\n<div class=\"wp-block-group alignwide has-global-padding is-layout-constrained wp-container-core-group-is-layout-5ff8a92b wp-block-group-is-layout-constrained\" style=\"margin-top:0;margin-bottom:0;padding-top:100px;padding-bottom:100px\">\n<div class=\"wp-block-columns is-layout-flex wp-container-core-columns-is-layout-92515837 wp-block-columns-is-layout-flex\">\n<div class=\"wp-block-column is-layout-flow wp-block-column-is-layout-flow\">\n<figure class=\"wp-block-image alignleft size-full\"><img decoding=\"async\" src=\"https:\/\/tyler.com\/wp-content\/uploads\/2023\/11\/Surf-Services-2nd-Sec-Image.jpeg\" alt=\"\" class=\"wp-image-2517\"\/><\/figure>\n<\/div>\n\n\n\n<div class=\"wp-block-column is-vertically-aligned-center has-global-padding is-content-justification-left is-layout-constrained wp-container-core-column-is-layout-12dd3699 wp-block-column-is-layout-constrained\">\n<h3 class=\"wp-block-heading has-text-align-left has-text-color has-munken-sans-font-family\" style=\"color:#283f29;margin-top:0.5rem;margin-bottom:0rem;font-size:clamp(24.034px, 1.502rem + ((1vw - 3.2px) * 1.814), 40px);font-style:normal;font-weight:500;letter-spacing:0px;line-height:1.3\">Distillation personnalis\u00e9e de fruits<\/h3>\n\n\n\n<hr class=\"wp-block-separator has-alpha-channel-opacity\"\/>\n\n\n\n<p class=\"has-text-color has-link-color has-baskerville-mt-std-font-family wp-elements-a34bae0bf53652349d87b194e4635c53\" style=\"color:#283f29;font-size:clamp(14px, 0.875rem + ((1vw - 3.2px) * 0.455), 18px);\">La Distillerie de La Roche-Guyon fait rena\u00eetre l\u2019esprit du bouilleur de cru ambulant, autrefois pr\u00e9sent dans les villages, en lui donnant une forme s\u00e9dentaire, artisanal et accessible. Un savoir-faire ancestral remis au go\u00fbt du jour pour valoriser les fruits, le temps et le travail des hommes.<\/p>\n\n\n\n<p class=\"has-text-color has-link-color has-baskerville-mt-std-font-family wp-elements-e345ffbbf73ea7201c39c2c83eae7ab5\" style=\"color:#283f29;font-size:clamp(14px, 0.875rem + ((1vw - 3.2px) * 0.455), 18px);\">Particuliers comme professionnels peuvent nous confier leurs fruits ferment\u00e9s ou non afin de les transformer en eaux-de-vie sur mesure. Pommes, poires, prunes, cerises ou autres r\u00e9coltes trouvent ici une nouvelle destin\u00e9e, loin du gaspillage.Gr\u00e2ce \u00e0 nos diff\u00e9rents alambics, nous sommes en mesure de travailler aussi bien de petites quantit\u00e9s \u2014 \u00e0 partir de 30 kg de fruits \u2014 que des volumes importants, pouvant d\u00e9passer 3 tonnes. Chaque distillation est men\u00e9e avec pr\u00e9cision, dans le respect de la mati\u00e8re premi\u00e8re et des ar\u00f4mes d\u2019origine.<\/p>\n\n\n\n<p class=\"has-text-color has-link-color has-baskerville-mt-std-font-family wp-elements-e9e72d12bb2d08dd44b939dcf875c926\" style=\"color:#283f29;font-size:clamp(14px, 0.875rem + ((1vw - 3.2px) * 0.455), 18px);\">\ud83d\udcb6 <strong>Tarif<\/strong> : 9 \u20ac par bouteille<br><\/p>\n\n\n\n<p>\ud83d\udcdc <strong>Taxes<\/strong> : hors droits et taxes de douane li\u00e9s \u00e0 l\u2019alcool<br><\/p>\n\n\n\n<p class=\"has-text-color has-link-color has-baskerville-mt-std-font-family wp-elements-59453805d37a192b2769fe34b9741d80\" style=\"color:#283f29;font-size:clamp(14px, 0.875rem + ((1vw - 3.2px) * 0.455), 18px);\">\ud83d\udd25 Distillation artisanale, accompagn\u00e9e et ma\u00eetris\u00e9e<\/p>\n\n\n\n<p><\/p>\n\n\n\n<div class=\"wp-block-buttons is-horizontal is-content-justification-left is-layout-flex wp-container-core-buttons-is-layout-324fa30b wp-block-buttons-is-layout-flex\" style=\"margin-top:20px\">\n<div class=\"wp-block-button has-custom-width wp-block-button__width-50 is-style-fill\"><a class=\"wp-block-button__link has-text-color has-background has-baskerville-mt-std-font-family has-custom-font-size wp-element-button\" href=\"#formulaire-distillation\" style=\"border-style:none;border-width:0px;border-radius:0rem;color:#fffffd;background-color:#283f29;padding-top:0.71rem;padding-right:0.31rem;padding-bottom:0.71rem;padding-left:0.31rem;font-size:clamp(0.875rem, 0.875rem + ((1vw - 0.2rem) * 0.245), 1.01rem);font-style:normal;font-weight:600;letter-spacing:1px;line-height:1.5;text-transform:uppercase\">R\u00e9server maintenant<\/a><\/div>\n<\/div>\n<\/div>\n<\/div>\n<\/div>\n\n\n\n<p class=\"distillation-intro has-text-color has-link-color has-munken-sans-font-family wp-elements-a1c98936993c5522e3cfc76802842467\" style=\"color:#283f29;font-style:normal;font-weight:500;text-transform:capitalize\">D\u00e9crivez-nous votre projet de distillation. Nous vous recontactons rapidement pour organiser votre passage \u00e0 la distillerie.<\/p>\n<\/div>\n\n\n\n<div class=\"wp-block-group alignfull has-global-padding is-layout-constrained wp-container-core-group-is-layout-4383d167 wp-block-group-is-layout-constrained\" id=\"formulaire-distillation\"><div class=\"wpforms-container wpforms-render-modern\" id=\"wpforms-2255\"><form id=\"wpforms-form-2255\" class=\"wpforms-validate wpforms-form wpforms-ajax-form\" data-formid=\"2255\" method=\"post\" enctype=\"multipart\/form-data\" action=\"\/en\/wp-json\/wp\/v2\/pages\/88\" data-token=\"636ee6da6f2cb8aecfe4a9211a93261f\" data-token-time=\"1777450389\"><noscript class=\"wpforms-error-noscript\">Please enable JavaScript in your browser to complete this form.<\/noscript><div id=\"wpforms-error-noscript\" style=\"display: none;\">Please enable JavaScript in your browser to complete this form.<\/div><div class=\"wpforms-field-container\"><div id=\"wpforms-2255-field_1-container\" class=\"wpforms-field wpforms-field-name\" data-field-id=\"1\"><fieldset><legend class=\"wpforms-field-label\">Nom <span class=\"wpforms-required-label\" aria-hidden=\"true\">*<\/span><\/legend><div class=\"wpforms-field-row wpforms-field-medium\"><div class=\"wpforms-field-row-block wpforms-first wpforms-one-half\"><input type=\"text\" id=\"wpforms-2255-field_1\" class=\"wpforms-field-name-first wpforms-field-required\" name=\"wpforms[fields][1][first]\" aria-errormessage=\"wpforms-2255-field_1-error\" required><label for=\"wpforms-2255-field_1\" class=\"wpforms-field-sublabel after\">First<\/label><\/div><div class=\"wpforms-field-row-block wpforms-one-half\"><input type=\"text\" id=\"wpforms-2255-field_1-last\" class=\"wpforms-field-name-last wpforms-field-required\" name=\"wpforms[fields][1][last]\" aria-errormessage=\"wpforms-2255-field_1-last-error\" required><label for=\"wpforms-2255-field_1-last\" class=\"wpforms-field-sublabel after\">Last<\/label><\/div><\/div><\/fieldset><\/div><div id=\"wpforms-2255-field_3-container\" class=\"wpforms-field wpforms-field-number\" data-field-id=\"3\"><label class=\"wpforms-field-label\" for=\"wpforms-2255-field_3\">T\u00e9l\u00e9phone  <span class=\"wpforms-required-label\" aria-hidden=\"true\">*<\/span><\/label><input type=\"number\" id=\"wpforms-2255-field_3\" class=\"wpforms-field-small wpforms-field-required\" name=\"wpforms[fields][3]\" min=\"10\" max=\"10\" step=\"any\" aria-errormessage=\"wpforms-2255-field_3-error\" required><\/div><div id=\"wpforms-2255-field_4-container\" class=\"wpforms-field wpforms-field-email\" data-field-id=\"4\"><label class=\"wpforms-field-label\" for=\"wpforms-2255-field_4\">E-mail <span class=\"wpforms-required-label\" aria-hidden=\"true\">*<\/span><\/label><input type=\"email\" id=\"wpforms-2255-field_4\" class=\"wpforms-field-medium wpforms-field-required\" name=\"wpforms[fields][4]\" spellcheck=\"false\" aria-errormessage=\"wpforms-2255-field_4-error\" required><\/div>\t\t<div id=\"wpforms-2255-field_2-container\"\n\t\t\tclass=\"wpforms-field wpforms-field-text\"\n\t\t\tdata-field-type=\"text\"\n\t\t\tdata-field-id=\"2\"\n\t\t\t>\n\t\t\t<label class=\"wpforms-field-label\" for=\"wpforms-2255-field_2\" >Nom Message \u00e0<\/label>\n\t\t\t<input type=\"text\" id=\"wpforms-2255-field_2\" class=\"wpforms-field-medium\" name=\"wpforms[fields][2]\" >\n\t\t<\/div>\n\t\t<div id=\"wpforms-2255-field_6-container\" class=\"wpforms-field wpforms-field-text\" data-field-id=\"6\"><label class=\"wpforms-field-label\" for=\"wpforms-2255-field_6\">Fruits \u00e0 distiller <span class=\"wpforms-required-label\" aria-hidden=\"true\">*<\/span><\/label><input type=\"text\" id=\"wpforms-2255-field_6\" class=\"wpforms-field-medium wpforms-field-required\" name=\"wpforms[fields][6]\" aria-errormessage=\"wpforms-2255-field_6-error\" required><\/div><div id=\"wpforms-2255-field_7-container\" class=\"wpforms-field wpforms-field-select wpforms-field-select-style-classic\" data-field-id=\"7\"><label class=\"wpforms-field-label\" for=\"wpforms-2255-field_7\">Volume estim\u00e9 ?<\/label><select id=\"wpforms-2255-field_7\" class=\"wpforms-field-medium\" name=\"wpforms[fields][7]\"><option value=\"30 \u00e0 100kg\"  class=\"choice-1 depth-1\"  >30 \u00e0 100kg<\/option><option value=\"100 \u00e0 300kg\"  class=\"choice-2 depth-1\"  >100 \u00e0 300kg<\/option><option value=\"Plus de 300kg\"  class=\"choice-3 depth-1\"  >Plus de 300kg<\/option><\/select><\/div><div id=\"wpforms-2255-field_8-container\" class=\"wpforms-field wpforms-field-textarea\" data-field-id=\"8\"><label class=\"wpforms-field-label\" for=\"wpforms-2255-field_8\">Message compl\u00e9mentaire<\/label><textarea id=\"wpforms-2255-field_8\" class=\"wpforms-field-medium\" name=\"wpforms[fields][8]\" aria-errormessage=\"wpforms-2255-field_8-error\" ><\/textarea><\/div><script>\n\t\t\t\t( function() {\n\t\t\t\t\tconst style = document.createElement( 'style' );\n\t\t\t\t\tstyle.appendChild( document.createTextNode( '#wpforms-2255-field_2-container { position: absolute !important; overflow: hidden !important; display: inline !important; height: 1px !important; width: 1px !important; z-index: -1000 !important; padding: 0 !important; } #wpforms-2255-field_2-container input { visibility: hidden; } #wpforms-conversational-form-page #wpforms-2255-field_2-container label { counter-increment: none; }' ) );\n\t\t\t\t\tdocument.head.appendChild( style );\n\t\t\t\t\tdocument.currentScript?.remove();\n\t\t\t\t} )();\n\t\t\t<\/script><\/div><!-- .wpforms-field-container --><div class=\"wpforms-submit-container\" ><input type=\"hidden\" name=\"wpforms[id]\" value=\"2255\"><input type=\"hidden\" name=\"page_title\" value=\"\"><input type=\"hidden\" name=\"page_url\" value=\"https:\/\/distillerielrg.com\/en\/wp-json\/wp\/v2\/pages\/88\"><input type=\"hidden\" name=\"url_referer\" value=\"\"><button type=\"submit\" name=\"wpforms[submit]\" id=\"wpforms-submit-2255\" class=\"wpforms-submit\" data-alt-text=\"Envoi...\" data-submit-text=\"Envoyer\" aria-live=\"assertive\" value=\"wpforms-submit\">Envoyer<\/button><img loading=\"lazy\" decoding=\"async\" src=\"https:\/\/distillerielrg.com\/wp-content\/plugins\/wpforms-lite\/assets\/images\/submit-spin.svg\" class=\"wpforms-submit-spinner\" style=\"display: none;\" width=\"26\" height=\"26\" alt=\"Loading\"><\/div><\/form><\/div>  <!-- .wpforms-container -->\n<\/div>\n\n\n\n<p><\/p>\n","protected":false},"excerpt":{"rendered":"<p>Distillation personnalis\u00e9e de fruits La Distillerie de La Roche-Guyon fait rena\u00eetre l\u2019esprit du bouilleur de cru ambulant, autrefois pr\u00e9sent dans les villages, en lui donnant une forme s\u00e9dentaire, artisanal et accessible. Un savoir-faire ancestral remis au go\u00fbt du jour pour valoriser les fruits, le temps et le travail des hommes. Particuliers comme professionnels peuvent nous [&hellip;]<\/p>\n","protected":false},"author":1,"featured_media":0,"parent":0,"menu_order":0,"comment_status":"closed","ping_status":"closed","template":"","meta":{"footnotes":""},"class_list":["post-88","page","type-page","status-publish","hentry"],"yoast_head":"<!-- This site is optimized with the Yoast SEO plugin v27.1.1 - https:\/\/yoast.com\/product\/yoast-seo-wordpress\/ -->\n<title>Service de distillation - Distillerie de La Roche Guyon<\/title>\n<meta name=\"robots\" content=\"index, follow, max-snippet:-1, max-image-preview:large, max-video-preview:-1\" \/>\n<link rel=\"canonical\" href=\"https:\/\/distillerielrg.com\/en\/service-de-distillation\/\" \/>\n<meta property=\"og:locale\" content=\"en_US\" \/>\n<meta property=\"og:type\" content=\"article\" \/>\n<meta property=\"og:title\" content=\"Service de distillation - Distillerie de La Roche Guyon\" \/>\n<meta property=\"og:description\" content=\"Distillation personnalis\u00e9e de fruits La Distillerie de La Roche-Guyon fait rena\u00eetre l\u2019esprit du bouilleur de cru ambulant, autrefois pr\u00e9sent dans les villages, en lui donnant une forme s\u00e9dentaire, artisanal et accessible. Un savoir-faire ancestral remis au go\u00fbt du jour pour valoriser les fruits, le temps et le travail des hommes. Particuliers comme professionnels peuvent nous [&hellip;]\" \/>\n<meta property=\"og:url\" content=\"https:\/\/distillerielrg.com\/en\/service-de-distillation\/\" \/>\n<meta property=\"og:site_name\" content=\"Distillerie de La Roche Guyon\" \/>\n<meta property=\"article:modified_time\" content=\"2026-02-03T13:09:18+00:00\" \/>\n<meta name=\"twitter:card\" content=\"summary_large_image\" \/>\n<meta name=\"twitter:label1\" content=\"Est. reading time\" \/>\n\t<meta name=\"twitter:data1\" content=\"1 minute\" \/>\n<script type=\"application\/ld+json\" class=\"yoast-schema-graph\">{\"@context\":\"https:\/\/schema.org\",\"@graph\":[{\"@type\":\"WebPage\",\"@id\":\"https:\/\/distillerielrg.com\/service-de-distillation\/\",\"url\":\"https:\/\/distillerielrg.com\/service-de-distillation\/\",\"name\":\"Service de distillation - Distillerie de La Roche Guyon\",\"isPartOf\":{\"@id\":\"https:\/\/distillerielrg.com\/#website\"},\"primaryImageOfPage\":{\"@id\":\"https:\/\/distillerielrg.com\/service-de-distillation\/#primaryimage\"},\"image\":{\"@id\":\"https:\/\/distillerielrg.com\/service-de-distillation\/#primaryimage\"},\"thumbnailUrl\":\"https:\/\/tyler.com\/wp-content\/uploads\/2023\/11\/Surf-Services-2nd-Sec-Image.jpeg\",\"datePublished\":\"2025-11-25T14:29:56+00:00\",\"dateModified\":\"2026-02-03T13:09:18+00:00\",\"breadcrumb\":{\"@id\":\"https:\/\/distillerielrg.com\/service-de-distillation\/#breadcrumb\"},\"inLanguage\":\"en-US\",\"potentialAction\":[{\"@type\":\"ReadAction\",\"target\":[\"https:\/\/distillerielrg.com\/service-de-distillation\/\"]}]},{\"@type\":\"ImageObject\",\"inLanguage\":\"en-US\",\"@id\":\"https:\/\/distillerielrg.com\/service-de-distillation\/#primaryimage\",\"url\":\"https:\/\/tyler.com\/wp-content\/uploads\/2023\/11\/Surf-Services-2nd-Sec-Image.jpeg\",\"contentUrl\":\"https:\/\/tyler.com\/wp-content\/uploads\/2023\/11\/Surf-Services-2nd-Sec-Image.jpeg\"},{\"@type\":\"BreadcrumbList\",\"@id\":\"https:\/\/distillerielrg.com\/service-de-distillation\/#breadcrumb\",\"itemListElement\":[{\"@type\":\"ListItem\",\"position\":1,\"name\":\"Accueil\",\"item\":\"https:\/\/distillerielrg.com\/\"},{\"@type\":\"ListItem\",\"position\":2,\"name\":\"Service de distillation\"}]},{\"@type\":\"WebSite\",\"@id\":\"https:\/\/distillerielrg.com\/#website\",\"url\":\"https:\/\/distillerielrg.com\/\",\"name\":\"Distillerie de La Roche Guyon\",\"description\":\"\",\"publisher\":{\"@id\":\"https:\/\/distillerielrg.com\/#organization\"},\"potentialAction\":[{\"@type\":\"SearchAction\",\"target\":{\"@type\":\"EntryPoint\",\"urlTemplate\":\"https:\/\/distillerielrg.com\/?s={search_term_string}\"},\"query-input\":{\"@type\":\"PropertyValueSpecification\",\"valueRequired\":true,\"valueName\":\"search_term_string\"}}],\"inLanguage\":\"en-US\"},{\"@type\":\"Organization\",\"@id\":\"https:\/\/distillerielrg.com\/#organization\",\"name\":\"Distillerie de La Roche Guyon\",\"url\":\"https:\/\/distillerielrg.com\/\",\"logo\":{\"@type\":\"ImageObject\",\"inLanguage\":\"en-US\",\"@id\":\"https:\/\/distillerielrg.com\/#\/schema\/logo\/image\/\",\"url\":\"https:\/\/distillerielrg.com\/wp-content\/uploads\/2025\/12\/Lgototypes_DLRG-RVB-15.png\",\"contentUrl\":\"https:\/\/distillerielrg.com\/wp-content\/uploads\/2025\/12\/Lgototypes_DLRG-RVB-15.png\",\"width\":709,\"height\":709,\"caption\":\"Distillerie de La Roche Guyon\"},\"image\":{\"@id\":\"https:\/\/distillerielrg.com\/#\/schema\/logo\/image\/\"},\"sameAs\":[\"https:\/\/www.instagram.com\/distillerielrg\/\"]}]}<\/script>\n<!-- \/ Yoast SEO plugin. -->","yoast_head_json":{"title":"Service de distillation - Distillerie de La Roche Guyon","robots":{"index":"index","follow":"follow","max-snippet":"max-snippet:-1","max-image-preview":"max-image-preview:large","max-video-preview":"max-video-preview:-1"},"canonical":"https:\/\/distillerielrg.com\/en\/service-de-distillation\/","og_locale":"en_US","og_type":"article","og_title":"Service de distillation - Distillerie de La Roche Guyon","og_description":"Distillation personnalis\u00e9e de fruits La Distillerie de La Roche-Guyon fait rena\u00eetre l\u2019esprit du bouilleur de cru ambulant, autrefois pr\u00e9sent dans les villages, en lui donnant une forme s\u00e9dentaire, artisanal et accessible. Un savoir-faire ancestral remis au go\u00fbt du jour pour valoriser les fruits, le temps et le travail des hommes. Particuliers comme professionnels peuvent nous [&hellip;]","og_url":"https:\/\/distillerielrg.com\/en\/service-de-distillation\/","og_site_name":"Distillerie de La Roche Guyon","article_modified_time":"2026-02-03T13:09:18+00:00","twitter_card":"summary_large_image","twitter_misc":{"Est. reading time":"1 minute"},"schema":{"@context":"https:\/\/schema.org","@graph":[{"@type":"WebPage","@id":"https:\/\/distillerielrg.com\/service-de-distillation\/","url":"https:\/\/distillerielrg.com\/service-de-distillation\/","name":"Service de distillation - Distillerie de La Roche Guyon","isPartOf":{"@id":"https:\/\/distillerielrg.com\/#website"},"primaryImageOfPage":{"@id":"https:\/\/distillerielrg.com\/service-de-distillation\/#primaryimage"},"image":{"@id":"https:\/\/distillerielrg.com\/service-de-distillation\/#primaryimage"},"thumbnailUrl":"https:\/\/tyler.com\/wp-content\/uploads\/2023\/11\/Surf-Services-2nd-Sec-Image.jpeg","datePublished":"2025-11-25T14:29:56+00:00","dateModified":"2026-02-03T13:09:18+00:00","breadcrumb":{"@id":"https:\/\/distillerielrg.com\/service-de-distillation\/#breadcrumb"},"inLanguage":"en-US","potentialAction":[{"@type":"ReadAction","target":["https:\/\/distillerielrg.com\/service-de-distillation\/"]}]},{"@type":"ImageObject","inLanguage":"en-US","@id":"https:\/\/distillerielrg.com\/service-de-distillation\/#primaryimage","url":"https:\/\/tyler.com\/wp-content\/uploads\/2023\/11\/Surf-Services-2nd-Sec-Image.jpeg","contentUrl":"https:\/\/tyler.com\/wp-content\/uploads\/2023\/11\/Surf-Services-2nd-Sec-Image.jpeg"},{"@type":"BreadcrumbList","@id":"https:\/\/distillerielrg.com\/service-de-distillation\/#breadcrumb","itemListElement":[{"@type":"ListItem","position":1,"name":"Accueil","item":"https:\/\/distillerielrg.com\/"},{"@type":"ListItem","position":2,"name":"Service de distillation"}]},{"@type":"WebSite","@id":"https:\/\/distillerielrg.com\/#website","url":"https:\/\/distillerielrg.com\/","name":"Distillerie de La Roche Guyon","description":"","publisher":{"@id":"https:\/\/distillerielrg.com\/#organization"},"potentialAction":[{"@type":"SearchAction","target":{"@type":"EntryPoint","urlTemplate":"https:\/\/distillerielrg.com\/?s={search_term_string}"},"query-input":{"@type":"PropertyValueSpecification","valueRequired":true,"valueName":"search_term_string"}}],"inLanguage":"en-US"},{"@type":"Organization","@id":"https:\/\/distillerielrg.com\/#organization","name":"Distillerie de La Roche Guyon","url":"https:\/\/distillerielrg.com\/","logo":{"@type":"ImageObject","inLanguage":"en-US","@id":"https:\/\/distillerielrg.com\/#\/schema\/logo\/image\/","url":"https:\/\/distillerielrg.com\/wp-content\/uploads\/2025\/12\/Lgototypes_DLRG-RVB-15.png","contentUrl":"https:\/\/distillerielrg.com\/wp-content\/uploads\/2025\/12\/Lgototypes_DLRG-RVB-15.png","width":709,"height":709,"caption":"Distillerie de La Roche Guyon"},"image":{"@id":"https:\/\/distillerielrg.com\/#\/schema\/logo\/image\/"},"sameAs":["https:\/\/www.instagram.com\/distillerielrg\/"]}]}},"_links":{"self":[{"href":"https:\/\/distillerielrg.com\/en\/wp-json\/wp\/v2\/pages\/88","targetHints":{"allow":["GET"]}}],"collection":[{"href":"https:\/\/distillerielrg.com\/en\/wp-json\/wp\/v2\/pages"}],"about":[{"href":"https:\/\/distillerielrg.com\/en\/wp-json\/wp\/v2\/types\/page"}],"author":[{"embeddable":true,"href":"https:\/\/distillerielrg.com\/en\/wp-json\/wp\/v2\/users\/1"}],"replies":[{"embeddable":true,"href":"https:\/\/distillerielrg.com\/en\/wp-json\/wp\/v2\/comments?post=88"}],"version-history":[{"count":9,"href":"https:\/\/distillerielrg.com\/en\/wp-json\/wp\/v2\/pages\/88\/revisions"}],"predecessor-version":[{"id":2273,"href":"https:\/\/distillerielrg.com\/en\/wp-json\/wp\/v2\/pages\/88\/revisions\/2273"}],"wp:attachment":[{"href":"https:\/\/distillerielrg.com\/en\/wp-json\/wp\/v2\/media?parent=88"}],"curies":[{"name":"wp","href":"https:\/\/api.w.org\/{rel}","templated":true}]}}