{"id":66,"date":"2025-11-25T15:27:31","date_gmt":"2025-11-25T14:27:31","guid":{"rendered":"https:\/\/site.distillerielrg.com\/?page_id=66"},"modified":"2026-02-17T17:58:22","modified_gmt":"2026-02-17T16:58:22","slug":"notre-histoire","status":"publish","type":"page","link":"https:\/\/distillerielrg.com\/en\/notre-histoire\/","title":{"rendered":"Our story"},"content":{"rendered":"<div class=\"wp-block-cover alignfull is-light\" style=\"margin-top:0;margin-bottom:0;padding-top:0px;padding-bottom:80px;min-height:250px;aspect-ratio:unset;\"><img loading=\"lazy\" decoding=\"async\" width=\"1024\" height=\"682\" class=\"wp-block-cover__image-background wp-image-1878 size-large\" alt=\"\" src=\"https:\/\/site.distillerielrg.com\/wp-content\/uploads\/2025\/12\/2021_09_18_LRD_La_Roche-Guyon_177-1024x682.jpg\" data-object-fit=\"cover\" srcset=\"https:\/\/distillerielrg.com\/wp-content\/uploads\/2025\/12\/2021_09_18_LRD_La_Roche-Guyon_177-1024x682.jpg 1024w, https:\/\/distillerielrg.com\/wp-content\/uploads\/2025\/12\/2021_09_18_LRD_La_Roche-Guyon_177-scaled-600x400.jpg 600w, https:\/\/distillerielrg.com\/wp-content\/uploads\/2025\/12\/2021_09_18_LRD_La_Roche-Guyon_177-300x200.jpg 300w, https:\/\/distillerielrg.com\/wp-content\/uploads\/2025\/12\/2021_09_18_LRD_La_Roche-Guyon_177-768x512.jpg 768w, https:\/\/distillerielrg.com\/wp-content\/uploads\/2025\/12\/2021_09_18_LRD_La_Roche-Guyon_177-1536x1023.jpg 1536w, https:\/\/distillerielrg.com\/wp-content\/uploads\/2025\/12\/2021_09_18_LRD_La_Roche-Guyon_177-2048x1364.jpg 2048w\" sizes=\"auto, (max-width: 1024px) 100vw, 1024px\" \/><span aria-hidden=\"true\" class=\"wp-block-cover__background has-background-dim-0 has-background-dim\" style=\"background-color:#e9ceb0\"><\/span><div class=\"wp-block-cover__inner-container has-global-padding is-layout-constrained wp-container-core-cover-is-layout-d4c6b484 wp-block-cover-is-layout-constrained\">\n<h1 class=\"wp-block-heading alignwide has-text-align-center has-text-color has-link-color has-munken-sans-font-family wp-elements-ccff5190c31f6256566c693400338abc\" style=\"color:#ffffff;margin-top:var(--wp--preset--spacing--70);margin-right:0;margin-bottom:var(--wp--preset--spacing--70);margin-left:0;padding-top:0;padding-right:0;padding-bottom:0;padding-left:0;font-size:clamp(38.682px, 2.418rem + ((1vw - 3.2px) * 3.786), 72px);font-style:normal;font-weight:500\">Our story<\/h1>\n<\/div><\/div>\n\n\n\n<section class=\"wp-block-group alignfull has-global-padding is-layout-constrained wp-container-core-group-is-layout-608bbd49 wp-block-group-is-layout-constrained\" style=\"margin-top:0px;padding-top:6rem;padding-right:1rem;padding-bottom:5rem;padding-left:1rem;font-size:clamp(0.875rem, 0.875rem + ((1vw - 0.2rem) * 0.464), 1.13rem);font-style:normal;font-weight:400;line-height:1.4\">\n<div class=\"wp-block-columns is-layout-flex wp-container-core-columns-is-layout-03ad6a19 wp-block-columns-is-layout-flex\" style=\"margin-bottom:0px\">\n<div class=\"wp-block-column is-vertically-aligned-center is-layout-flow wp-block-column-is-layout-flow\" style=\"flex-basis:50%\">\n<figure class=\"wp-block-image alignleft size-full\"><img loading=\"lazy\" decoding=\"async\" width=\"1708\" height=\"2560\" src=\"https:\/\/site.distillerielrg.com\/wp-content\/uploads\/2025\/12\/2021_09_18_LRD_La_Roche-Guyon_72-scaled.jpg\" alt=\"\" class=\"wp-image-1886\" style=\"aspect-ratio:1;object-fit:cover\" srcset=\"https:\/\/distillerielrg.com\/wp-content\/uploads\/2025\/12\/2021_09_18_LRD_La_Roche-Guyon_72-scaled.jpg 1708w, https:\/\/distillerielrg.com\/wp-content\/uploads\/2025\/12\/2021_09_18_LRD_La_Roche-Guyon_72-scaled-600x899.jpg 600w, https:\/\/distillerielrg.com\/wp-content\/uploads\/2025\/12\/2021_09_18_LRD_La_Roche-Guyon_72-200x300.jpg 200w, https:\/\/distillerielrg.com\/wp-content\/uploads\/2025\/12\/2021_09_18_LRD_La_Roche-Guyon_72-683x1024.jpg 683w, https:\/\/distillerielrg.com\/wp-content\/uploads\/2025\/12\/2021_09_18_LRD_La_Roche-Guyon_72-768x1151.jpg 768w, https:\/\/distillerielrg.com\/wp-content\/uploads\/2025\/12\/2021_09_18_LRD_La_Roche-Guyon_72-1025x1536.jpg 1025w, https:\/\/distillerielrg.com\/wp-content\/uploads\/2025\/12\/2021_09_18_LRD_La_Roche-Guyon_72-1366x2048.jpg 1366w\" sizes=\"auto, (max-width: 1708px) 100vw, 1708px\" \/><\/figure>\n<\/div>\n\n\n\n<div class=\"wp-block-column is-vertically-aligned-center has-global-padding is-layout-constrained wp-container-core-column-is-layout-c4a7d96a wp-block-column-is-layout-constrained\" style=\"flex-basis:50%\">\n<h3 class=\"wp-block-heading has-text-align-left has-text-color has-munken-sans-font-family\" style=\"color:#283f29;margin-top:0.5rem;margin-bottom:0rem;font-size:clamp(24.034px, 1.502rem + ((1vw - 3.2px) * 1.814), 40px);font-style:normal;font-weight:500;letter-spacing:0px;line-height:1.3\"><strong>A castle on the edge of history<\/strong><\/h3>\n\n\n\n<p class=\"has-text-align-left has-text-color has-baskerville-mt-std-font-family\" style=\"color:#283f29;margin-top:20px;margin-bottom:20px;font-size:clamp(14px, 0.875rem + ((1vw - 3.2px) * 0.455), 18px);font-style:normal;font-weight:400;line-height:1.5\">For over a thousand years, the Ch\u00e2teau de La Roche-Guyon has stood guard over the Seine. Originally a fortress against Viking incursions, in 911 it became a major strategic point during the Treaty of Saint-Clair-sur-Epte, marking the border between the Kingdom of the Franks and the nascent Normandy. Over the centuries, it lived through the Middle Ages and the Renaissance, welcoming Henry IV, then the 18th century Enlightenment, a period of intellectual and cultural heyday. History, however, never spares places of remembrance. In the 20th century, during World War II, the castle was occupied by the German high command. Paradoxically, it became a symbol of moral resistance and courage, engraved in the struggle against Nazi barbarism and in the collective memory of the nation.<\/p>\n\n\n\n<div class=\"wp-block-buttons has-munken-sans-font-family is-horizontal is-content-justification-left is-layout-flex wp-container-core-buttons-is-layout-2c34cf1c wp-block-buttons-is-layout-flex\" style=\"margin-top:0.51rem\">\n<div class=\"wp-block-button has-custom-width wp-block-button__width-50 is-style-fill\"><a class=\"wp-block-button__link has-text-color has-background has-munken-sans-font-family has-custom-font-size wp-element-button\" href=\"https:\/\/site.distillerielrg.com\/savoir-faire\/\" style=\"border-style:none;border-width:0px;border-radius:0rem;color:#fffffd;background-color:#283f29;padding-top:0.71rem;padding-right:0.31rem;padding-bottom:0.71rem;padding-left:0.31rem;font-size:clamp(0.875rem, 0.875rem + ((1vw - 0.2rem) * 0.245), 1.01rem);font-style:normal;font-weight:500;letter-spacing:1px;line-height:1.5;text-transform:uppercase\">Discover our expertise<\/a><\/div>\n<\/div>\n<\/div>\n<\/div>\n<\/section>\n\n\n\n<div class=\"wp-block-group alignfull has-background has-global-padding is-layout-constrained wp-container-core-group-is-layout-4383d167 wp-block-group-is-layout-constrained\" style=\"background-color:#ba9a737a\">\n<div class=\"wp-block-columns alignwide is-layout-flex wp-container-core-columns-is-layout-28f84493 wp-block-columns-is-layout-flex\">\n<div class=\"wp-block-column is-layout-flow wp-block-column-is-layout-flow\">\n<div class=\"wp-block-columns is-layout-flex wp-container-core-columns-is-layout-fd1dc633 wp-block-columns-is-layout-flex\" style=\"margin-top:50px;margin-bottom:70px\">\n<div class=\"wp-block-column is-layout-flow wp-block-column-is-layout-flow\" style=\"padding-right:20px;padding-left:20px\">\n<h3 class=\"wp-block-heading has-text-align-center has-text-color has-munken-sans-font-family\" style=\"color:#283f29;font-size:clamp(14.082px, 0.88rem + ((1vw - 3.2px) * 0.786), 21px);font-style:normal;font-weight:500\"><strong>One family, one policy<\/strong><\/h3>\n\n\n\n<p class=\"has-text-align-center has-text-color\" style=\"color:#283f29;font-size:clamp(14px, 0.875rem + ((1vw - 3.2px) * 0.114), 15px);\">The castle's destiny is closely linked to that of the La Rochefoucauld family, whom it encountered more than 650 years ago, sealing a lasting alliance between a lineage and a territory. Their motto,&nbsp;<em>\u00ab C\u2019est mon plaisir \u00bb<\/em>, expresses a constant commitment: to serve the King and help the most disadvantaged. In the 18th century, the castle reached its peak. Under the impetus of enlightened figures, notably the Duchess of Enville, La Roche-Guyon became a major intellectual center where philosophers, scientists, and writers gathered to reflect on progress, justice, and the future of France.<\/p>\n<\/div>\n\n\n\n<div class=\"wp-block-column is-layout-flow wp-block-column-is-layout-flow\" style=\"padding-right:20px;padding-left:20px\">\n<h3 class=\"wp-block-heading has-text-align-center has-text-color has-munken-sans-font-family\" style=\"color:#283f29;font-size:clamp(14.082px, 0.88rem + ((1vw - 3.2px) * 0.786), 21px);font-style:normal;font-weight:500\"><strong>Rebuilding to pass on<\/strong><\/h3>\n\n\n\n<p class=\"has-text-align-center has-text-color\" style=\"color:#283f29;font-size:clamp(14px, 0.875rem + ((1vw - 3.2px) * 0.114), 15px);\">After thirty years of neglect, Guy-Antoine and Yolaine de La Rochefoucauld undertook a vast project to rebuild and restore the ch\u00e2teau. Driven by their commitment and thanks to the decisive support of the Val-d'Oise Department, they brought La Roche-Guyon back to life. Restored to the highest standards, the ch\u00e2teau reopened its doors to the public and fully regained its purpose: to be a living, open place, shared and passed on to future generations.<\/p>\n<\/div>\n<\/div>\n<\/div>\n<\/div>\n<\/div>\n\n\n\n<section class=\"wp-block-group alignfull has-global-padding is-layout-constrained wp-container-core-group-is-layout-8202059b wp-block-group-is-layout-constrained\" style=\"margin-top:0px;padding-top:6rem;padding-right:1rem;padding-bottom:6rem;padding-left:1rem;font-size:clamp(0.875rem, 0.875rem + ((1vw - 0.2rem) * 0.464), 1.13rem);font-style:normal;font-weight:400;line-height:1.4\">\n<div class=\"wp-block-columns is-layout-flex wp-container-core-columns-is-layout-03ad6a19 wp-block-columns-is-layout-flex\" style=\"margin-bottom:0px\">\n<div class=\"wp-block-column is-vertically-aligned-center has-global-padding is-layout-constrained wp-container-core-column-is-layout-c4a7d96a wp-block-column-is-layout-constrained\" style=\"flex-basis:50%\">\n<h2 class=\"wp-block-heading has-text-color has-link-color has-munken-sans-font-family has-large-font-size wp-elements-9802bd627dcf6ffe5e5f8dc8c7e11817\" style=\"color:#283f29\"><strong>From History to Creation<\/strong><\/h2>\n\n\n\n<div style=\"height:26px\" aria-hidden=\"true\" class=\"wp-block-spacer\"><\/div>\n\n\n\n<p>It was in this spirit that the La Roche-Guyon Distillery was born. When Louis-Antoine de La Rochefoucauld took over responsibility for the ch\u00e2teau from his father, he chose to extend its thousand-year history with a creative gesture: creating spirits that express a region, a memory, and values passed down from generation to generation.<\/p>\n\n\n\n<p>The Distillery was founded in 2021, following two challenging years of health crisis for the ch\u00e2teau. It was born out of a clear desire to promote the heritage and reveal the riches of the La Roche-Guyon terroir in a different way, starting with its extraordinary fruit garden, a veritable plant laboratory and source of inspiration for the house's creations.<\/p>\n\n\n\n<div class=\"wp-block-buttons is-horizontal is-content-justification-left is-layout-flex wp-container-core-buttons-is-layout-2c34cf1c wp-block-buttons-is-layout-flex\" style=\"margin-top:0.51rem\"><\/div>\n<\/div>\n\n\n\n<div class=\"wp-block-column is-vertically-aligned-center is-layout-flow wp-block-column-is-layout-flow\" style=\"flex-basis:50%\">\n<figure class=\"wp-block-image alignright size-full has-custom-border\"><img loading=\"lazy\" decoding=\"async\" width=\"2560\" height=\"1708\" src=\"https:\/\/site.distillerielrg.com\/wp-content\/uploads\/2025\/12\/2021_09_18_LRD_La_Roche-Guyon_43-scaled.jpg\" alt=\"\" class=\"wp-image-1864\" style=\"border-style:none;border-width:0px;border-top-left-radius:0px;border-top-right-radius:0px;border-bottom-left-radius:0px;border-bottom-right-radius:0px;aspect-ratio:1;object-fit:cover\" srcset=\"https:\/\/distillerielrg.com\/wp-content\/uploads\/2025\/12\/2021_09_18_LRD_La_Roche-Guyon_43-scaled.jpg 2560w, https:\/\/distillerielrg.com\/wp-content\/uploads\/2025\/12\/2021_09_18_LRD_La_Roche-Guyon_43-scaled-600x400.jpg 600w, https:\/\/distillerielrg.com\/wp-content\/uploads\/2025\/12\/2021_09_18_LRD_La_Roche-Guyon_43-300x200.jpg 300w, https:\/\/distillerielrg.com\/wp-content\/uploads\/2025\/12\/2021_09_18_LRD_La_Roche-Guyon_43-1024x683.jpg 1024w, https:\/\/distillerielrg.com\/wp-content\/uploads\/2025\/12\/2021_09_18_LRD_La_Roche-Guyon_43-768x512.jpg 768w, https:\/\/distillerielrg.com\/wp-content\/uploads\/2025\/12\/2021_09_18_LRD_La_Roche-Guyon_43-1536x1025.jpg 1536w, https:\/\/distillerielrg.com\/wp-content\/uploads\/2025\/12\/2021_09_18_LRD_La_Roche-Guyon_43-2048x1366.jpg 2048w\" sizes=\"auto, (max-width: 2560px) 100vw, 2560px\" \/><\/figure>\n<\/div>\n<\/div>\n<\/section>\n\n\n\n<p><\/p>","protected":false},"excerpt":{"rendered":"<p>Un ch\u00e2teau \u00e0 la fronti\u00e8re de l\u2019Histoire Depuis plus de mille ans, le Ch\u00e2teau de La Roche-Guyon veille sur la Seine. Forteresse face aux incursions vikings, il devient en 911 un point strat\u00e9gique majeur lors du trait\u00e9 de Saint-Clair-sur-Epte, marquant la fronti\u00e8re entre le royaume des Francs et la Normandie naissante. Au fil des si\u00e8cles, [&hellip;]<\/p>\n","protected":false},"author":1,"featured_media":0,"parent":0,"menu_order":0,"comment_status":"closed","ping_status":"closed","template":"","meta":{"footnotes":""},"class_list":["post-66","page","type-page","status-publish","hentry"],"yoast_head":"<!-- This site is optimized with the Yoast SEO plugin v27.1.1 - https:\/\/yoast.com\/product\/yoast-seo-wordpress\/ -->\n<title>Notre histoire - Distillerie de La Roche Guyon<\/title>\n<meta name=\"robots\" content=\"index, follow, max-snippet:-1, max-image-preview:large, max-video-preview:-1\" \/>\n<link rel=\"canonical\" href=\"https:\/\/distillerielrg.com\/en\/notre-histoire\/\" \/>\n<meta property=\"og:locale\" content=\"en_US\" \/>\n<meta property=\"og:type\" content=\"article\" \/>\n<meta property=\"og:title\" content=\"Notre histoire - Distillerie de La Roche Guyon\" \/>\n<meta property=\"og:description\" content=\"Un ch\u00e2teau \u00e0 la fronti\u00e8re de l\u2019Histoire Depuis plus de mille ans, le Ch\u00e2teau de La Roche-Guyon veille sur la Seine. Forteresse face aux incursions vikings, il devient en 911 un point strat\u00e9gique majeur lors du trait\u00e9 de Saint-Clair-sur-Epte, marquant la fronti\u00e8re entre le royaume des Francs et la Normandie naissante. Au fil des si\u00e8cles, [&hellip;]\" \/>\n<meta property=\"og:url\" content=\"https:\/\/distillerielrg.com\/en\/notre-histoire\/\" \/>\n<meta property=\"og:site_name\" content=\"Distillerie de La Roche Guyon\" \/>\n<meta property=\"article:modified_time\" content=\"2026-02-17T16:58:22+00:00\" \/>\n<meta property=\"og:image\" content=\"https:\/\/distillerielrg.com\/wp-content\/uploads\/2025\/12\/2021_09_18_LRD_La_Roche-Guyon_177-scaled.jpg\" \/>\n\t<meta property=\"og:image:width\" content=\"2560\" \/>\n\t<meta property=\"og:image:height\" content=\"1705\" \/>\n\t<meta property=\"og:image:type\" content=\"image\/jpeg\" \/>\n<meta name=\"twitter:card\" content=\"summary_large_image\" \/>\n<meta name=\"twitter:label1\" content=\"Est. reading time\" \/>\n\t<meta name=\"twitter:data1\" content=\"2 minutes\" \/>\n<script type=\"application\/ld+json\" class=\"yoast-schema-graph\">{\"@context\":\"https:\/\/schema.org\",\"@graph\":[{\"@type\":\"WebPage\",\"@id\":\"https:\/\/distillerielrg.com\/notre-histoire\/\",\"url\":\"https:\/\/distillerielrg.com\/notre-histoire\/\",\"name\":\"Notre histoire - Distillerie de La Roche Guyon\",\"isPartOf\":{\"@id\":\"https:\/\/distillerielrg.com\/#website\"},\"primaryImageOfPage\":{\"@id\":\"https:\/\/distillerielrg.com\/notre-histoire\/#primaryimage\"},\"image\":{\"@id\":\"https:\/\/distillerielrg.com\/notre-histoire\/#primaryimage\"},\"thumbnailUrl\":\"https:\/\/site.distillerielrg.com\/wp-content\/uploads\/2025\/12\/2021_09_18_LRD_La_Roche-Guyon_177-1024x682.jpg\",\"datePublished\":\"2025-11-25T14:27:31+00:00\",\"dateModified\":\"2026-02-17T16:58:22+00:00\",\"breadcrumb\":{\"@id\":\"https:\/\/distillerielrg.com\/notre-histoire\/#breadcrumb\"},\"inLanguage\":\"en-US\",\"potentialAction\":[{\"@type\":\"ReadAction\",\"target\":[\"https:\/\/distillerielrg.com\/notre-histoire\/\"]}]},{\"@type\":\"ImageObject\",\"inLanguage\":\"en-US\",\"@id\":\"https:\/\/distillerielrg.com\/notre-histoire\/#primaryimage\",\"url\":\"https:\/\/site.distillerielrg.com\/wp-content\/uploads\/2025\/12\/2021_09_18_LRD_La_Roche-Guyon_177-1024x682.jpg\",\"contentUrl\":\"https:\/\/site.distillerielrg.com\/wp-content\/uploads\/2025\/12\/2021_09_18_LRD_La_Roche-Guyon_177-1024x682.jpg\"},{\"@type\":\"BreadcrumbList\",\"@id\":\"https:\/\/distillerielrg.com\/notre-histoire\/#breadcrumb\",\"itemListElement\":[{\"@type\":\"ListItem\",\"position\":1,\"name\":\"Accueil\",\"item\":\"https:\/\/distillerielrg.com\/\"},{\"@type\":\"ListItem\",\"position\":2,\"name\":\"Notre histoire\"}]},{\"@type\":\"WebSite\",\"@id\":\"https:\/\/distillerielrg.com\/#website\",\"url\":\"https:\/\/distillerielrg.com\/\",\"name\":\"Distillerie de La Roche Guyon\",\"description\":\"\",\"publisher\":{\"@id\":\"https:\/\/distillerielrg.com\/#organization\"},\"potentialAction\":[{\"@type\":\"SearchAction\",\"target\":{\"@type\":\"EntryPoint\",\"urlTemplate\":\"https:\/\/distillerielrg.com\/?s={search_term_string}\"},\"query-input\":{\"@type\":\"PropertyValueSpecification\",\"valueRequired\":true,\"valueName\":\"search_term_string\"}}],\"inLanguage\":\"en-US\"},{\"@type\":\"Organization\",\"@id\":\"https:\/\/distillerielrg.com\/#organization\",\"name\":\"Distillerie de La Roche Guyon\",\"url\":\"https:\/\/distillerielrg.com\/\",\"logo\":{\"@type\":\"ImageObject\",\"inLanguage\":\"en-US\",\"@id\":\"https:\/\/distillerielrg.com\/#\/schema\/logo\/image\/\",\"url\":\"https:\/\/distillerielrg.com\/wp-content\/uploads\/2025\/12\/Lgototypes_DLRG-RVB-15.png\",\"contentUrl\":\"https:\/\/distillerielrg.com\/wp-content\/uploads\/2025\/12\/Lgototypes_DLRG-RVB-15.png\",\"width\":709,\"height\":709,\"caption\":\"Distillerie de La Roche Guyon\"},\"image\":{\"@id\":\"https:\/\/distillerielrg.com\/#\/schema\/logo\/image\/\"},\"sameAs\":[\"https:\/\/www.instagram.com\/distillerielrg\/\"]}]}<\/script>\n<!-- \/ Yoast SEO plugin. -->","yoast_head_json":{"title":"Notre histoire - Distillerie de La Roche Guyon","robots":{"index":"index","follow":"follow","max-snippet":"max-snippet:-1","max-image-preview":"max-image-preview:large","max-video-preview":"max-video-preview:-1"},"canonical":"https:\/\/distillerielrg.com\/en\/notre-histoire\/","og_locale":"en_US","og_type":"article","og_title":"Notre histoire - Distillerie de La Roche Guyon","og_description":"Un ch\u00e2teau \u00e0 la fronti\u00e8re de l\u2019Histoire Depuis plus de mille ans, le Ch\u00e2teau de La Roche-Guyon veille sur la Seine. Forteresse face aux incursions vikings, il devient en 911 un point strat\u00e9gique majeur lors du trait\u00e9 de Saint-Clair-sur-Epte, marquant la fronti\u00e8re entre le royaume des Francs et la Normandie naissante. Au fil des si\u00e8cles, [&hellip;]","og_url":"https:\/\/distillerielrg.com\/en\/notre-histoire\/","og_site_name":"Distillerie de La Roche Guyon","article_modified_time":"2026-02-17T16:58:22+00:00","og_image":[{"width":2560,"height":1705,"url":"https:\/\/distillerielrg.com\/wp-content\/uploads\/2025\/12\/2021_09_18_LRD_La_Roche-Guyon_177-scaled.jpg","type":"image\/jpeg"}],"twitter_card":"summary_large_image","twitter_misc":{"Est. reading time":"2 minutes"},"schema":{"@context":"https:\/\/schema.org","@graph":[{"@type":"WebPage","@id":"https:\/\/distillerielrg.com\/notre-histoire\/","url":"https:\/\/distillerielrg.com\/notre-histoire\/","name":"Notre histoire - Distillerie de La Roche Guyon","isPartOf":{"@id":"https:\/\/distillerielrg.com\/#website"},"primaryImageOfPage":{"@id":"https:\/\/distillerielrg.com\/notre-histoire\/#primaryimage"},"image":{"@id":"https:\/\/distillerielrg.com\/notre-histoire\/#primaryimage"},"thumbnailUrl":"https:\/\/site.distillerielrg.com\/wp-content\/uploads\/2025\/12\/2021_09_18_LRD_La_Roche-Guyon_177-1024x682.jpg","datePublished":"2025-11-25T14:27:31+00:00","dateModified":"2026-02-17T16:58:22+00:00","breadcrumb":{"@id":"https:\/\/distillerielrg.com\/notre-histoire\/#breadcrumb"},"inLanguage":"en-US","potentialAction":[{"@type":"ReadAction","target":["https:\/\/distillerielrg.com\/notre-histoire\/"]}]},{"@type":"ImageObject","inLanguage":"en-US","@id":"https:\/\/distillerielrg.com\/notre-histoire\/#primaryimage","url":"https:\/\/site.distillerielrg.com\/wp-content\/uploads\/2025\/12\/2021_09_18_LRD_La_Roche-Guyon_177-1024x682.jpg","contentUrl":"https:\/\/site.distillerielrg.com\/wp-content\/uploads\/2025\/12\/2021_09_18_LRD_La_Roche-Guyon_177-1024x682.jpg"},{"@type":"BreadcrumbList","@id":"https:\/\/distillerielrg.com\/notre-histoire\/#breadcrumb","itemListElement":[{"@type":"ListItem","position":1,"name":"Accueil","item":"https:\/\/distillerielrg.com\/"},{"@type":"ListItem","position":2,"name":"Notre histoire"}]},{"@type":"WebSite","@id":"https:\/\/distillerielrg.com\/#website","url":"https:\/\/distillerielrg.com\/","name":"Distillerie de La Roche Guyon","description":"","publisher":{"@id":"https:\/\/distillerielrg.com\/#organization"},"potentialAction":[{"@type":"SearchAction","target":{"@type":"EntryPoint","urlTemplate":"https:\/\/distillerielrg.com\/?s={search_term_string}"},"query-input":{"@type":"PropertyValueSpecification","valueRequired":true,"valueName":"search_term_string"}}],"inLanguage":"en-US"},{"@type":"Organization","@id":"https:\/\/distillerielrg.com\/#organization","name":"Distillerie de La Roche Guyon","url":"https:\/\/distillerielrg.com\/","logo":{"@type":"ImageObject","inLanguage":"en-US","@id":"https:\/\/distillerielrg.com\/#\/schema\/logo\/image\/","url":"https:\/\/distillerielrg.com\/wp-content\/uploads\/2025\/12\/Lgototypes_DLRG-RVB-15.png","contentUrl":"https:\/\/distillerielrg.com\/wp-content\/uploads\/2025\/12\/Lgototypes_DLRG-RVB-15.png","width":709,"height":709,"caption":"Distillerie de La Roche Guyon"},"image":{"@id":"https:\/\/distillerielrg.com\/#\/schema\/logo\/image\/"},"sameAs":["https:\/\/www.instagram.com\/distillerielrg\/"]}]}},"_links":{"self":[{"href":"https:\/\/distillerielrg.com\/en\/wp-json\/wp\/v2\/pages\/66","targetHints":{"allow":["GET"]}}],"collection":[{"href":"https:\/\/distillerielrg.com\/en\/wp-json\/wp\/v2\/pages"}],"about":[{"href":"https:\/\/distillerielrg.com\/en\/wp-json\/wp\/v2\/types\/page"}],"author":[{"embeddable":true,"href":"https:\/\/distillerielrg.com\/en\/wp-json\/wp\/v2\/users\/1"}],"replies":[{"embeddable":true,"href":"https:\/\/distillerielrg.com\/en\/wp-json\/wp\/v2\/comments?post=66"}],"version-history":[{"count":16,"href":"https:\/\/distillerielrg.com\/en\/wp-json\/wp\/v2\/pages\/66\/revisions"}],"predecessor-version":[{"id":2479,"href":"https:\/\/distillerielrg.com\/en\/wp-json\/wp\/v2\/pages\/66\/revisions\/2479"}],"wp:attachment":[{"href":"https:\/\/distillerielrg.com\/en\/wp-json\/wp\/v2\/media?parent=66"}],"curies":[{"name":"wp","href":"https:\/\/api.w.org\/{rel}","templated":true}]}}