{"id":64,"date":"2025-11-25T15:27:18","date_gmt":"2025-11-25T14:27:18","guid":{"rendered":"https:\/\/site.distillerielrg.com\/?page_id=64"},"modified":"2026-02-17T16:11:21","modified_gmt":"2026-02-17T15:11:21","slug":"savoir-faire","status":"publish","type":"page","link":"https:\/\/distillerielrg.com\/en\/savoir-faire\/","title":{"rendered":"Craftsmanship"},"content":{"rendered":"<div class=\"wp-block-cover alignfull is-light\" style=\"margin-top:0;margin-bottom:0;min-height:400px;aspect-ratio:unset;\"><img loading=\"lazy\" decoding=\"async\" width=\"1024\" height=\"682\" class=\"wp-block-cover__image-background wp-image-1968 size-large\" alt=\"\" src=\"https:\/\/site.distillerielrg.com\/wp-content\/uploads\/2026\/01\/2021_09_18_LRD_La_Roche-Guyon_177-1024x682.jpg\" data-object-fit=\"cover\" srcset=\"https:\/\/distillerielrg.com\/wp-content\/uploads\/2026\/01\/2021_09_18_LRD_La_Roche-Guyon_177-1024x682.jpg 1024w, https:\/\/distillerielrg.com\/wp-content\/uploads\/2026\/01\/2021_09_18_LRD_La_Roche-Guyon_177-scaled-600x400.jpg 600w, https:\/\/distillerielrg.com\/wp-content\/uploads\/2026\/01\/2021_09_18_LRD_La_Roche-Guyon_177-300x200.jpg 300w, https:\/\/distillerielrg.com\/wp-content\/uploads\/2026\/01\/2021_09_18_LRD_La_Roche-Guyon_177-768x512.jpg 768w, https:\/\/distillerielrg.com\/wp-content\/uploads\/2026\/01\/2021_09_18_LRD_La_Roche-Guyon_177-1536x1023.jpg 1536w, https:\/\/distillerielrg.com\/wp-content\/uploads\/2026\/01\/2021_09_18_LRD_La_Roche-Guyon_177-2048x1364.jpg 2048w\" sizes=\"auto, (max-width: 1024px) 100vw, 1024px\" \/><span aria-hidden=\"true\" class=\"wp-block-cover__background has-background-dim-0 has-background-dim\" style=\"background-color:#939692\"><\/span><div class=\"wp-block-cover__inner-container is-layout-flow wp-block-cover-is-layout-flow\">\n<div class=\"wp-block-group is-layout-flow wp-block-group-is-layout-flow\">\n<h2 class=\"wp-block-heading has-text-align-center has-text-color has-link-color has-munken-sans-font-family wp-elements-046c1d0a074b757881e08ac596ecff52\" style=\"color:#ffffff\">Craftsmanship <\/h2>\n<\/div>\n<\/div><\/div>\n\n\n\n<div class=\"wp-block-group alignfull has-text-color has-global-padding is-layout-constrained wp-container-core-group-is-layout-6a293c8d wp-block-group-is-layout-constrained\" style=\"color:#3e3e3e;margin-top:0px;padding-top:8.01rem;padding-right:1rem;padding-bottom:4rem;padding-left:1rem;font-size:clamp(0.875rem, 0.875rem + ((1vw - 0.2rem) * 0.464), 1.13rem);font-style:normal;font-weight:400;line-height:1.4\">\n<div class=\"wp-block-columns is-layout-flex wp-container-core-columns-is-layout-684e8bab wp-block-columns-is-layout-flex\">\n<div class=\"wp-block-column is-layout-flow wp-block-column-is-layout-flow\" style=\"flex-basis:53%\">\n<figure class=\"wp-block-image size-full is-resized\"><img loading=\"lazy\" decoding=\"async\" width=\"2560\" height=\"1708\" src=\"https:\/\/site.distillerielrg.com\/wp-content\/uploads\/2025\/11\/2021_09_19_LRD_La_Roche-Guyon_351-scaled.jpg\" alt=\"\" class=\"wp-image-124\" style=\"aspect-ratio:1.4988605199119318;width:541px;height:auto\" srcset=\"https:\/\/distillerielrg.com\/wp-content\/uploads\/2025\/11\/2021_09_19_LRD_La_Roche-Guyon_351-scaled.jpg 2560w, https:\/\/distillerielrg.com\/wp-content\/uploads\/2025\/11\/2021_09_19_LRD_La_Roche-Guyon_351-scaled-600x400.jpg 600w, https:\/\/distillerielrg.com\/wp-content\/uploads\/2025\/11\/2021_09_19_LRD_La_Roche-Guyon_351-300x200.jpg 300w, https:\/\/distillerielrg.com\/wp-content\/uploads\/2025\/11\/2021_09_19_LRD_La_Roche-Guyon_351-1024x683.jpg 1024w, https:\/\/distillerielrg.com\/wp-content\/uploads\/2025\/11\/2021_09_19_LRD_La_Roche-Guyon_351-768x512.jpg 768w, https:\/\/distillerielrg.com\/wp-content\/uploads\/2025\/11\/2021_09_19_LRD_La_Roche-Guyon_351-1536x1025.jpg 1536w, https:\/\/distillerielrg.com\/wp-content\/uploads\/2025\/11\/2021_09_19_LRD_La_Roche-Guyon_351-2048x1366.jpg 2048w\" sizes=\"auto, (max-width: 2560px) 100vw, 2560px\" \/><\/figure>\n<\/div>\n\n\n\n<div class=\"wp-block-column is-layout-flow wp-block-column-is-layout-flow\" style=\"flex-basis:47%\">\n<div class=\"wp-block-group has-global-padding is-content-justification-left is-layout-constrained wp-container-core-group-is-layout-0c78e4a3 wp-block-group-is-layout-constrained\">\n<div class=\"wp-block-group title-with-badge is-nowrap is-layout-flex wp-container-core-group-is-layout-6c531013 wp-block-group-is-layout-flex\">\n<h2 class=\"wp-block-heading has-text-color has-link-color has-munken-sans-font-family wp-elements-b458135193011e033b4dc92d862392c7\" style=\"color:#283f29\">Our genuine commitment <\/h2>\n\n\n\n<figure class=\"wp-block-image size-full badge-idf\"><img loading=\"lazy\" decoding=\"async\" width=\"850\" height=\"807\" src=\"https:\/\/site.distillerielrg.com\/wp-content\/uploads\/2026\/02\/logo-produit-en-ile-de-france.png\" alt=\"\" class=\"wp-image-2395\" srcset=\"https:\/\/distillerielrg.com\/wp-content\/uploads\/2026\/02\/logo-produit-en-ile-de-france.png 850w, https:\/\/distillerielrg.com\/wp-content\/uploads\/2026\/02\/logo-produit-en-ile-de-france-600x570.png 600w, https:\/\/distillerielrg.com\/wp-content\/uploads\/2026\/02\/logo-produit-en-ile-de-france-300x285.png 300w, https:\/\/distillerielrg.com\/wp-content\/uploads\/2026\/02\/logo-produit-en-ile-de-france-768x729.png 768w\" sizes=\"auto, (max-width: 850px) 100vw, 850px\" \/><\/figure>\n<\/div>\n\n\n\n<div class=\"wp-block-group has-global-padding is-layout-constrained wp-block-group-is-layout-constrained\">\n<p class=\"has-text-align-left has-text-color has-baskerville-mt-std-font-family\" style=\"color:#3e3e3e;margin-top:0px;font-size:clamp(0.875rem, 0.875rem + ((1vw - 0.2rem) * 0.464), 1.13rem);font-style:normal;font-weight:400;line-height:1.5\">At the Roche-Guyon distillery, we believe in authenticity. Each bottle we create captures the essence of the local terroir, offering unique flavors that tell our story and reflect our passion.<\/p>\n<\/div>\n\n\n\n<div class=\"wp-block-group has-global-padding is-layout-constrained wp-container-core-group-is-layout-990378a1 wp-block-group-is-layout-constrained\">\n<p class=\"has-text-align-left has-text-color has-baskerville-mt-std-font-family\" style=\"color:#3e3e3e;margin-top:0px;font-size:clamp(0.875rem, 0.875rem + ((1vw - 0.2rem) * 0.464), 1.13rem);font-style:normal;font-weight:400;line-height:1.5\">We value local ingredients for high-quality spirits.<\/p>\n<\/div>\n\n\n\n<div class=\"wp-block-group has-global-padding is-layout-constrained wp-container-core-group-is-layout-990378a1 wp-block-group-is-layout-constrained\">\n<p class=\"has-text-align-left has-text-color has-baskerville-mt-std-font-family\" style=\"color:#3e3e3e;font-size:clamp(0.875rem, 0.875rem + ((1vw - 0.2rem) * 0.464), 1.13rem);font-style:normal;font-weight:400;line-height:1.5\">Our dedicated team works with care and passion to offer you unforgettable experiences. Every sip transports you to the heart of our region.<\/p>\n<\/div>\n<\/div>\n<\/div>\n<\/div>\n<\/div>\n\n\n\n<div class=\"wp-block-group alignfull has-text-color has-global-padding is-layout-constrained wp-container-core-group-is-layout-60d4ad8b wp-block-group-is-layout-constrained\" style=\"color:#ffffff;margin-top:0px;padding-top:4rem;padding-right:1rem;padding-bottom:8.01rem;padding-left:1rem;font-size:clamp(0.875rem, 0.875rem + ((1vw - 0.2rem) * 0.464), 1.13rem);font-style:normal;font-weight:400;line-height:1.4\">\n<div class=\"wp-block-columns is-layout-flex wp-container-core-columns-is-layout-684e8bab wp-block-columns-is-layout-flex\">\n<div class=\"wp-block-column has-baskerville-mt-std-font-family is-layout-flow wp-block-column-is-layout-flow\" style=\"flex-basis:47%\">\n<div class=\"wp-block-group has-text-color has-link-color wp-elements-8370a529676ff761a4bd9d301298e66d has-global-padding is-content-justification-left is-layout-constrained wp-container-core-group-is-layout-0c78e4a3 wp-block-group-is-layout-constrained\" style=\"color:#fffafa\">\n<h2 class=\"wp-block-heading has-text-align-left has-text-color has-munken-sans-font-family\" style=\"color:#283f29;margin-bottom:1.19rem;font-size:clamp(1.255rem, 1.255rem + ((1vw - 0.2rem) * 1.373), 2.01rem);font-style:normal;font-weight:500;line-height:1.3\">Our Vibrant History<\/h2>\n\n\n\n<div class=\"wp-block-group has-global-padding is-layout-constrained wp-block-group-is-layout-constrained\">\n<p class=\"has-text-align-left has-text-color\" style=\"color:#3e3e3e;margin-top:0px;font-size:clamp(0.875rem, 0.875rem + ((1vw - 0.2rem) * 0.464), 1.13rem);font-style:normal;font-weight:400;line-height:1.5\">The Roche-Guyon distillery was born out of a passion for artisanal spirits. Since our inception, we have been committed to creating products that celebrate the terroir of our beautiful region.<\/p>\n<\/div>\n\n\n\n<div class=\"wp-block-group has-global-padding is-layout-constrained wp-container-core-group-is-layout-990378a1 wp-block-group-is-layout-constrained\">\n<p class=\"has-text-align-left has-text-color\" style=\"color:#3e3e3e;margin-top:0px;font-size:clamp(0.875rem, 0.875rem + ((1vw - 0.2rem) * 0.464), 1.13rem);font-style:normal;font-weight:400;line-height:1.5\">We combine tradition and innovation to create unique flavors.<\/p>\n<\/div>\n\n\n\n<div class=\"wp-block-group has-global-padding is-layout-constrained wp-container-core-group-is-layout-990378a1 wp-block-group-is-layout-constrained\">\n<p class=\"has-text-align-left has-text-color\" style=\"color:#3e3e3e;font-size:clamp(0.875rem, 0.875rem + ((1vw - 0.2rem) * 0.464), 1.13rem);font-style:normal;font-weight:400;line-height:1.5\">Each production is a tribute to our local heritage. We want to share our love for these spirits with you through workshops and tastings.<\/p>\n<\/div>\n<\/div>\n<\/div>\n\n\n\n<div class=\"wp-block-column is-layout-flow wp-block-column-is-layout-flow\" style=\"flex-basis:53%\">\n<figure class=\"wp-block-image aligncenter size-full\"><img loading=\"lazy\" decoding=\"async\" width=\"397\" height=\"501\" src=\"https:\/\/site.distillerielrg.com\/wp-content\/uploads\/2025\/12\/image-1.png\" alt=\"\" class=\"wp-image-1876\" srcset=\"https:\/\/distillerielrg.com\/wp-content\/uploads\/2025\/12\/image-1.png 397w, https:\/\/distillerielrg.com\/wp-content\/uploads\/2025\/12\/image-1-238x300.png 238w\" sizes=\"auto, (max-width: 397px) 100vw, 397px\" \/><\/figure>\n<\/div>\n<\/div>\n<\/div>\n\n\n\n<section class=\"wp-block-group alignfull has-text-color has-background has-global-padding is-layout-constrained wp-container-core-group-is-layout-622ad1ae wp-block-group-is-layout-constrained\" style=\"color:#ffffff;background-color:#283f29;margin-top:0px;padding-top:4.51rem;padding-right:0rem;padding-bottom:4.51rem;padding-left:0rem\">\n<div class=\"wp-block-columns are-vertically-aligned-center is-layout-flex wp-container-core-columns-is-layout-7a7902f5 wp-block-columns-is-layout-flex\" style=\"padding-right:1rem;padding-left:1rem\">\n<div class=\"wp-block-column is-vertically-aligned-center has-text-color has-background has-link-color wp-elements-0ed94c588ec6dd92956081559d024c11 is-layout-flow wp-block-column-is-layout-flow\" style=\"color:#ffffff;background-color:#ffffff00;flex-basis:77%\">\n<h3 class=\"wp-block-heading has-text-align-left has-text-color has-link-color has-munken-sans-font-family wp-elements-7733db962c4483bbd1cbd9e0b8522f63\" style=\"color:#fffefe;font-size:clamp(1.13rem, 1.13rem + ((1vw - 0.2rem) * 1.164), 1.77rem);font-style:normal;font-weight:500;line-height:1.3\">Let's Connect and Share!<\/h3>\n<\/div>\n\n\n\n<div class=\"wp-block-column is-vertically-aligned-center is-layout-flow wp-block-column-is-layout-flow\" style=\"flex-basis:23%\">\n<div class=\"wp-block-group has-global-padding is-layout-constrained wp-container-core-group-is-layout-87b51d14 wp-block-group-is-layout-constrained\">\n<div class=\"wp-block-buttons is-layout-flex wp-block-buttons-is-layout-flex\" style=\"border-top-left-radius:100px;border-top-right-radius:100px;border-bottom-left-radius:100px;border-bottom-right-radius:100px;padding-top:0;padding-bottom:0\">\n<div class=\"wp-block-button is-style-outline is-style-outline--1\"><a class=\"wp-block-button__link has-text-color has-background has-border-color has-munken-sans-font-family has-custom-font-size wp-element-button\" href=\"https:\/\/site.distillerielrg.com\/contact\/\" style=\"border-color:#ffffff;border-width:1px;border-top-left-radius:100px;border-top-right-radius:100px;border-bottom-left-radius:100px;border-bottom-right-radius:100px;color:#ffffff;background-color:#283f29;padding-top:0.8rem;padding-right:2.2rem;padding-bottom:0.8rem;padding-left:2.2rem;font-size:clamp(0.875rem, 0.875rem + ((1vw - 0.2rem) * 0.409), 1.1rem);font-style:normal;font-weight:500;line-height:1.5;text-transform:none\">CONTACT US!<\/a><\/div>\n<\/div>\n<\/div>\n<\/div>\n<\/div>\n\n\n\n<p><\/p>\n<\/section>\n\n\n\n<p><\/p>","protected":false},"excerpt":{"rendered":"<p>Notre engagement authentique Chez la distillerie de la Roche-Guyon, nous croyons en l\u02bcauthenticit\u00e9. Chaque bouteille que nous cr\u00e9ons capture l\u02bcessence du terroir local, offrant des saveurs uniques qui racontent notre histoire et notre passion. Nous valorisons les ingr\u00e9dients locaux pour des spiritueux de qualit\u00e9. Notre \u00e9quipe d\u00e9vou\u00e9e travaille avec soin et passion pour vous offrir [&hellip;]<\/p>\n","protected":false},"author":1,"featured_media":0,"parent":0,"menu_order":0,"comment_status":"closed","ping_status":"closed","template":"","meta":{"footnotes":""},"class_list":["post-64","page","type-page","status-publish","hentry"],"yoast_head":"<!-- This site is optimized with the Yoast SEO plugin v27.1.1 - https:\/\/yoast.com\/product\/yoast-seo-wordpress\/ -->\n<title>Savoir-faire - Distillerie de La Roche Guyon<\/title>\n<meta name=\"robots\" content=\"index, follow, max-snippet:-1, max-image-preview:large, max-video-preview:-1\" \/>\n<link rel=\"canonical\" href=\"https:\/\/distillerielrg.com\/en\/savoir-faire\/\" \/>\n<meta property=\"og:locale\" content=\"en_US\" \/>\n<meta property=\"og:type\" content=\"article\" \/>\n<meta property=\"og:title\" content=\"Savoir-faire - Distillerie de La Roche Guyon\" \/>\n<meta property=\"og:description\" content=\"Notre engagement authentique Chez la distillerie de la Roche-Guyon, nous croyons en l\u02bcauthenticit\u00e9. Chaque bouteille que nous cr\u00e9ons capture l\u02bcessence du terroir local, offrant des saveurs uniques qui racontent notre histoire et notre passion. Nous valorisons les ingr\u00e9dients locaux pour des spiritueux de qualit\u00e9. Notre \u00e9quipe d\u00e9vou\u00e9e travaille avec soin et passion pour vous offrir [&hellip;]\" \/>\n<meta property=\"og:url\" content=\"https:\/\/distillerielrg.com\/en\/savoir-faire\/\" \/>\n<meta property=\"og:site_name\" content=\"Distillerie de La Roche Guyon\" \/>\n<meta property=\"article:modified_time\" content=\"2026-02-17T15:11:21+00:00\" \/>\n<meta property=\"og:image\" content=\"https:\/\/distillerielrg.com\/wp-content\/uploads\/2026\/01\/2021_09_18_LRD_La_Roche-Guyon_177-scaled.jpg\" \/>\n\t<meta property=\"og:image:width\" content=\"2560\" \/>\n\t<meta property=\"og:image:height\" content=\"1705\" \/>\n\t<meta property=\"og:image:type\" content=\"image\/jpeg\" \/>\n<meta name=\"twitter:card\" content=\"summary_large_image\" \/>\n<meta name=\"twitter:label1\" content=\"Est. reading time\" \/>\n\t<meta name=\"twitter:data1\" content=\"1 minute\" \/>\n<script type=\"application\/ld+json\" class=\"yoast-schema-graph\">{\"@context\":\"https:\/\/schema.org\",\"@graph\":[{\"@type\":\"WebPage\",\"@id\":\"https:\/\/distillerielrg.com\/savoir-faire\/\",\"url\":\"https:\/\/distillerielrg.com\/savoir-faire\/\",\"name\":\"Savoir-faire - Distillerie de La Roche Guyon\",\"isPartOf\":{\"@id\":\"https:\/\/distillerielrg.com\/#website\"},\"primaryImageOfPage\":{\"@id\":\"https:\/\/distillerielrg.com\/savoir-faire\/#primaryimage\"},\"image\":{\"@id\":\"https:\/\/distillerielrg.com\/savoir-faire\/#primaryimage\"},\"thumbnailUrl\":\"https:\/\/site.distillerielrg.com\/wp-content\/uploads\/2026\/01\/2021_09_18_LRD_La_Roche-Guyon_177-1024x682.jpg\",\"datePublished\":\"2025-11-25T14:27:18+00:00\",\"dateModified\":\"2026-02-17T15:11:21+00:00\",\"breadcrumb\":{\"@id\":\"https:\/\/distillerielrg.com\/savoir-faire\/#breadcrumb\"},\"inLanguage\":\"en-US\",\"potentialAction\":[{\"@type\":\"ReadAction\",\"target\":[\"https:\/\/distillerielrg.com\/savoir-faire\/\"]}]},{\"@type\":\"ImageObject\",\"inLanguage\":\"en-US\",\"@id\":\"https:\/\/distillerielrg.com\/savoir-faire\/#primaryimage\",\"url\":\"https:\/\/site.distillerielrg.com\/wp-content\/uploads\/2026\/01\/2021_09_18_LRD_La_Roche-Guyon_177-1024x682.jpg\",\"contentUrl\":\"https:\/\/site.distillerielrg.com\/wp-content\/uploads\/2026\/01\/2021_09_18_LRD_La_Roche-Guyon_177-1024x682.jpg\"},{\"@type\":\"BreadcrumbList\",\"@id\":\"https:\/\/distillerielrg.com\/savoir-faire\/#breadcrumb\",\"itemListElement\":[{\"@type\":\"ListItem\",\"position\":1,\"name\":\"Accueil\",\"item\":\"https:\/\/distillerielrg.com\/\"},{\"@type\":\"ListItem\",\"position\":2,\"name\":\"Savoir-faire\"}]},{\"@type\":\"WebSite\",\"@id\":\"https:\/\/distillerielrg.com\/#website\",\"url\":\"https:\/\/distillerielrg.com\/\",\"name\":\"Distillerie de La Roche Guyon\",\"description\":\"\",\"publisher\":{\"@id\":\"https:\/\/distillerielrg.com\/#organization\"},\"potentialAction\":[{\"@type\":\"SearchAction\",\"target\":{\"@type\":\"EntryPoint\",\"urlTemplate\":\"https:\/\/distillerielrg.com\/?s={search_term_string}\"},\"query-input\":{\"@type\":\"PropertyValueSpecification\",\"valueRequired\":true,\"valueName\":\"search_term_string\"}}],\"inLanguage\":\"en-US\"},{\"@type\":\"Organization\",\"@id\":\"https:\/\/distillerielrg.com\/#organization\",\"name\":\"Distillerie de La Roche Guyon\",\"url\":\"https:\/\/distillerielrg.com\/\",\"logo\":{\"@type\":\"ImageObject\",\"inLanguage\":\"en-US\",\"@id\":\"https:\/\/distillerielrg.com\/#\/schema\/logo\/image\/\",\"url\":\"https:\/\/distillerielrg.com\/wp-content\/uploads\/2025\/12\/Lgototypes_DLRG-RVB-15.png\",\"contentUrl\":\"https:\/\/distillerielrg.com\/wp-content\/uploads\/2025\/12\/Lgototypes_DLRG-RVB-15.png\",\"width\":709,\"height\":709,\"caption\":\"Distillerie de La Roche Guyon\"},\"image\":{\"@id\":\"https:\/\/distillerielrg.com\/#\/schema\/logo\/image\/\"},\"sameAs\":[\"https:\/\/www.instagram.com\/distillerielrg\/\"]}]}<\/script>\n<!-- \/ Yoast SEO plugin. -->","yoast_head_json":{"title":"Savoir-faire - Distillerie de La Roche Guyon","robots":{"index":"index","follow":"follow","max-snippet":"max-snippet:-1","max-image-preview":"max-image-preview:large","max-video-preview":"max-video-preview:-1"},"canonical":"https:\/\/distillerielrg.com\/en\/savoir-faire\/","og_locale":"en_US","og_type":"article","og_title":"Savoir-faire - Distillerie de La Roche Guyon","og_description":"Notre engagement authentique Chez la distillerie de la Roche-Guyon, nous croyons en l\u02bcauthenticit\u00e9. Chaque bouteille que nous cr\u00e9ons capture l\u02bcessence du terroir local, offrant des saveurs uniques qui racontent notre histoire et notre passion. Nous valorisons les ingr\u00e9dients locaux pour des spiritueux de qualit\u00e9. Notre \u00e9quipe d\u00e9vou\u00e9e travaille avec soin et passion pour vous offrir [&hellip;]","og_url":"https:\/\/distillerielrg.com\/en\/savoir-faire\/","og_site_name":"Distillerie de La Roche Guyon","article_modified_time":"2026-02-17T15:11:21+00:00","og_image":[{"width":2560,"height":1705,"url":"https:\/\/distillerielrg.com\/wp-content\/uploads\/2026\/01\/2021_09_18_LRD_La_Roche-Guyon_177-scaled.jpg","type":"image\/jpeg"}],"twitter_card":"summary_large_image","twitter_misc":{"Est. reading time":"1 minute"},"schema":{"@context":"https:\/\/schema.org","@graph":[{"@type":"WebPage","@id":"https:\/\/distillerielrg.com\/savoir-faire\/","url":"https:\/\/distillerielrg.com\/savoir-faire\/","name":"Savoir-faire - Distillerie de La Roche Guyon","isPartOf":{"@id":"https:\/\/distillerielrg.com\/#website"},"primaryImageOfPage":{"@id":"https:\/\/distillerielrg.com\/savoir-faire\/#primaryimage"},"image":{"@id":"https:\/\/distillerielrg.com\/savoir-faire\/#primaryimage"},"thumbnailUrl":"https:\/\/site.distillerielrg.com\/wp-content\/uploads\/2026\/01\/2021_09_18_LRD_La_Roche-Guyon_177-1024x682.jpg","datePublished":"2025-11-25T14:27:18+00:00","dateModified":"2026-02-17T15:11:21+00:00","breadcrumb":{"@id":"https:\/\/distillerielrg.com\/savoir-faire\/#breadcrumb"},"inLanguage":"en-US","potentialAction":[{"@type":"ReadAction","target":["https:\/\/distillerielrg.com\/savoir-faire\/"]}]},{"@type":"ImageObject","inLanguage":"en-US","@id":"https:\/\/distillerielrg.com\/savoir-faire\/#primaryimage","url":"https:\/\/site.distillerielrg.com\/wp-content\/uploads\/2026\/01\/2021_09_18_LRD_La_Roche-Guyon_177-1024x682.jpg","contentUrl":"https:\/\/site.distillerielrg.com\/wp-content\/uploads\/2026\/01\/2021_09_18_LRD_La_Roche-Guyon_177-1024x682.jpg"},{"@type":"BreadcrumbList","@id":"https:\/\/distillerielrg.com\/savoir-faire\/#breadcrumb","itemListElement":[{"@type":"ListItem","position":1,"name":"Accueil","item":"https:\/\/distillerielrg.com\/"},{"@type":"ListItem","position":2,"name":"Savoir-faire"}]},{"@type":"WebSite","@id":"https:\/\/distillerielrg.com\/#website","url":"https:\/\/distillerielrg.com\/","name":"Distillerie de La Roche Guyon","description":"","publisher":{"@id":"https:\/\/distillerielrg.com\/#organization"},"potentialAction":[{"@type":"SearchAction","target":{"@type":"EntryPoint","urlTemplate":"https:\/\/distillerielrg.com\/?s={search_term_string}"},"query-input":{"@type":"PropertyValueSpecification","valueRequired":true,"valueName":"search_term_string"}}],"inLanguage":"en-US"},{"@type":"Organization","@id":"https:\/\/distillerielrg.com\/#organization","name":"Distillerie de La Roche Guyon","url":"https:\/\/distillerielrg.com\/","logo":{"@type":"ImageObject","inLanguage":"en-US","@id":"https:\/\/distillerielrg.com\/#\/schema\/logo\/image\/","url":"https:\/\/distillerielrg.com\/wp-content\/uploads\/2025\/12\/Lgototypes_DLRG-RVB-15.png","contentUrl":"https:\/\/distillerielrg.com\/wp-content\/uploads\/2025\/12\/Lgototypes_DLRG-RVB-15.png","width":709,"height":709,"caption":"Distillerie de La Roche Guyon"},"image":{"@id":"https:\/\/distillerielrg.com\/#\/schema\/logo\/image\/"},"sameAs":["https:\/\/www.instagram.com\/distillerielrg\/"]}]}},"_links":{"self":[{"href":"https:\/\/distillerielrg.com\/en\/wp-json\/wp\/v2\/pages\/64","targetHints":{"allow":["GET"]}}],"collection":[{"href":"https:\/\/distillerielrg.com\/en\/wp-json\/wp\/v2\/pages"}],"about":[{"href":"https:\/\/distillerielrg.com\/en\/wp-json\/wp\/v2\/types\/page"}],"author":[{"embeddable":true,"href":"https:\/\/distillerielrg.com\/en\/wp-json\/wp\/v2\/users\/1"}],"replies":[{"embeddable":true,"href":"https:\/\/distillerielrg.com\/en\/wp-json\/wp\/v2\/comments?post=64"}],"version-history":[{"count":14,"href":"https:\/\/distillerielrg.com\/en\/wp-json\/wp\/v2\/pages\/64\/revisions"}],"predecessor-version":[{"id":2464,"href":"https:\/\/distillerielrg.com\/en\/wp-json\/wp\/v2\/pages\/64\/revisions\/2464"}],"wp:attachment":[{"href":"https:\/\/distillerielrg.com\/en\/wp-json\/wp\/v2\/media?parent=64"}],"curies":[{"name":"wp","href":"https:\/\/api.w.org\/{rel}","templated":true}]}}