{"id":54,"date":"2025-11-25T15:02:44","date_gmt":"2025-11-25T14:02:44","guid":{"rendered":"https:\/\/site.distillerielrg.com\/?page_id=54"},"modified":"2026-02-17T16:06:30","modified_gmt":"2026-02-17T15:06:30","slug":"a-propos","status":"publish","type":"page","link":"https:\/\/distillerielrg.com\/en\/a-propos\/","title":{"rendered":"The distillery"},"content":{"rendered":"<div class=\"wp-block-cover alignfull\"><img loading=\"lazy\" decoding=\"async\" width=\"1024\" height=\"576\" class=\"wp-block-cover__image-background wp-image-2331 size-large\" alt=\"\" src=\"https:\/\/site.distillerielrg.com\/wp-content\/uploads\/2026\/02\/Stupfler-2-1024x576.jpg\" style=\"object-position:50% 17%\" data-object-fit=\"cover\" data-object-position=\"50% 17%\" srcset=\"https:\/\/distillerielrg.com\/wp-content\/uploads\/2026\/02\/Stupfler-2-1024x576.jpg 1024w, https:\/\/distillerielrg.com\/wp-content\/uploads\/2026\/02\/Stupfler-2-600x338.jpg 600w, https:\/\/distillerielrg.com\/wp-content\/uploads\/2026\/02\/Stupfler-2-300x169.jpg 300w, https:\/\/distillerielrg.com\/wp-content\/uploads\/2026\/02\/Stupfler-2-768x432.jpg 768w, https:\/\/distillerielrg.com\/wp-content\/uploads\/2026\/02\/Stupfler-2.jpg 1280w\" sizes=\"auto, (max-width: 1024px) 100vw, 1024px\" \/><span aria-hidden=\"true\" class=\"wp-block-cover__background has-background-dim-60 has-background-dim\" style=\"background-color:#342f29\"><\/span><div class=\"wp-block-cover__inner-container has-global-padding is-layout-constrained wp-container-core-cover-is-layout-4383d167 wp-block-cover-is-layout-constrained\">\n<h1 class=\"wp-block-heading has-text-align-center has-text-color has-munken-sans-font-family\" style=\"color:#e4e2d7;font-size:clamp(36.518px, 2.282rem + ((1vw - 3.2px) * 3.464), 67px);font-style:normal;font-weight:500;line-height:1\">The distillery <\/h1>\n<\/div><\/div>\n\n\n\n<div class=\"wp-block-media-text is-stacked-on-mobile split-like has-text-color has-background has-link-color wp-elements-c3ae253501386edf8ab63b7989c615e5\" style=\"color:#283f29;background-color:#ffffff\"><figure class=\"wp-block-media-text__media\"><img loading=\"lazy\" decoding=\"async\" width=\"683\" height=\"1024\" src=\"https:\/\/site.distillerielrg.com\/wp-content\/uploads\/2026\/02\/2021_09_18_LRD_La_Roche-Guyon_71-683x1024.jpg\" alt=\"\" class=\"wp-image-2347 size-full\" srcset=\"https:\/\/distillerielrg.com\/wp-content\/uploads\/2026\/02\/2021_09_18_LRD_La_Roche-Guyon_71-683x1024.jpg 683w, https:\/\/distillerielrg.com\/wp-content\/uploads\/2026\/02\/2021_09_18_LRD_La_Roche-Guyon_71-scaled-600x899.jpg 600w, https:\/\/distillerielrg.com\/wp-content\/uploads\/2026\/02\/2021_09_18_LRD_La_Roche-Guyon_71-200x300.jpg 200w, https:\/\/distillerielrg.com\/wp-content\/uploads\/2026\/02\/2021_09_18_LRD_La_Roche-Guyon_71-768x1151.jpg 768w, https:\/\/distillerielrg.com\/wp-content\/uploads\/2026\/02\/2021_09_18_LRD_La_Roche-Guyon_71-1025x1536.jpg 1025w, https:\/\/distillerielrg.com\/wp-content\/uploads\/2026\/02\/2021_09_18_LRD_La_Roche-Guyon_71-1366x2048.jpg 1366w, https:\/\/distillerielrg.com\/wp-content\/uploads\/2026\/02\/2021_09_18_LRD_La_Roche-Guyon_71-scaled.jpg 1708w\" sizes=\"auto, (max-width: 683px) 100vw, 683px\" \/><\/figure><div class=\"wp-block-media-text__content\">\n<p class=\"has-munken-sans-font-family has-large-font-size\"><strong>A vegetable garden in the heart of the castle<\/strong><\/p>\n\n\n\n<p class=\"has-text-color has-link-color has-baskerville-mt-std-font-family wp-elements-abeb51a7f1c8a02a46d3a83f9ec23a1e\" id=\"block-731d64fb-274b-4d71-99ff-1569aa9b7db3\" style=\"color:#283f29;margin-right:0;margin-left:0;padding-right:0;padding-left:0\">It all began for the Distillery in our 18th-century experimental vegetable garden, at the foot of the Ch\u00e2teau de La Roche-Guyon, a true heritage and agricultural gem. In 1730, Madeleine-Charlotte Le Tellier, Dowager Duchess of La Roche-Guyon and daughter of the Marquis de Louvois, undertook the restoration and embellishment of the ch\u00e2teau, the park, and most likely an existing vegetable garden.<br>Covering an area of 2.7 hectares, this \u201clarge garden\u201d opposite the ch\u00e2teau reflects the importance attached to it. His son, Duke Alexandre, and then his daughter, the Duchess of Enville, continued this work with a strong ambition: to turn the vegetable garden into an experimental site designed to advance agriculture. At a time marked by famine, new crops such as potatoes were tested there.<br>The vegetable garden was organized\u2014as it is today\u2014into three complementary areas: an ornamental garden, an orchard, and vegetable crops.<br>Completely restored in the 2000s based on the original 1741 plans, it continues to thrive and produce.<\/p>\n<\/div><\/div>\n\n\n\n<div class=\"wp-block-media-text has-media-on-the-right is-stacked-on-mobile split-like has-background\" style=\"background-color:#ffffff\"><div class=\"wp-block-media-text__content\">\n<p class=\"has-text-color has-link-color has-munken-sans-font-family has-large-font-size wp-elements-5b86f6567f7ee30ab2e592f4a4024059\" style=\"color:#283f29\"><strong>A team committed to bringing the place to life<\/strong><\/p>\n\n\n\n<p class=\"has-text-color has-link-color wp-elements-89d55bd8f3cfa1ce0c40cd9802fe69bd\" style=\"color:#283f29\">Today, the vegetable garden is maintained by the EPCC (Public Cultural Cooperation Establishment) of the Ch\u00e2teau de La Roche-Guyon, in partnership with the EQUALIS association of Cergy-Pontoise.<br>This partnership combines heritage preservation, horticultural expertise, and social integration by supporting people in difficult situations to find rewarding and meaningful work.<\/p>\n<\/div><figure class=\"wp-block-media-text__media\"><img loading=\"lazy\" decoding=\"async\" width=\"1024\" height=\"682\" src=\"https:\/\/site.distillerielrg.com\/wp-content\/uploads\/2026\/02\/2021_09_18_LRD_La_Roche-Guyon_121-1024x682.jpg\" alt=\"\" class=\"wp-image-2350 size-full\" srcset=\"https:\/\/distillerielrg.com\/wp-content\/uploads\/2026\/02\/2021_09_18_LRD_La_Roche-Guyon_121-1024x682.jpg 1024w, https:\/\/distillerielrg.com\/wp-content\/uploads\/2026\/02\/2021_09_18_LRD_La_Roche-Guyon_121-scaled-600x400.jpg 600w, https:\/\/distillerielrg.com\/wp-content\/uploads\/2026\/02\/2021_09_18_LRD_La_Roche-Guyon_121-300x200.jpg 300w, https:\/\/distillerielrg.com\/wp-content\/uploads\/2026\/02\/2021_09_18_LRD_La_Roche-Guyon_121-768x512.jpg 768w, https:\/\/distillerielrg.com\/wp-content\/uploads\/2026\/02\/2021_09_18_LRD_La_Roche-Guyon_121-1536x1023.jpg 1536w, https:\/\/distillerielrg.com\/wp-content\/uploads\/2026\/02\/2021_09_18_LRD_La_Roche-Guyon_121-2048x1364.jpg 2048w\" sizes=\"auto, (max-width: 1024px) 100vw, 1024px\" \/><\/figure><\/div>\n\n\n\n<div class=\"wp-block-media-text is-stacked-on-mobile split-like has-background\" style=\"background-color:#ffffff\"><figure class=\"wp-block-media-text__media\"><img loading=\"lazy\" decoding=\"async\" width=\"1024\" height=\"683\" src=\"https:\/\/site.distillerielrg.com\/wp-content\/uploads\/2026\/02\/2021_09_18_LRD_La_Roche-Guyon_47-1024x683.jpg\" alt=\"\" class=\"wp-image-2352 size-full\" srcset=\"https:\/\/distillerielrg.com\/wp-content\/uploads\/2026\/02\/2021_09_18_LRD_La_Roche-Guyon_47-1024x683.jpg 1024w, https:\/\/distillerielrg.com\/wp-content\/uploads\/2026\/02\/2021_09_18_LRD_La_Roche-Guyon_47-600x400.jpg 600w, https:\/\/distillerielrg.com\/wp-content\/uploads\/2026\/02\/2021_09_18_LRD_La_Roche-Guyon_47-300x200.jpg 300w, https:\/\/distillerielrg.com\/wp-content\/uploads\/2026\/02\/2021_09_18_LRD_La_Roche-Guyon_47-768x512.jpg 768w, https:\/\/distillerielrg.com\/wp-content\/uploads\/2026\/02\/2021_09_18_LRD_La_Roche-Guyon_47-1536x1025.jpg 1536w, https:\/\/distillerielrg.com\/wp-content\/uploads\/2026\/02\/2021_09_18_LRD_La_Roche-Guyon_47.jpg 1548w\" sizes=\"auto, (max-width: 1024px) 100vw, 1024px\" \/><\/figure><div class=\"wp-block-media-text__content\">\n<p class=\"has-text-color has-link-color has-munken-sans-font-family has-large-font-size wp-elements-1498d2342f99c250e786c689c88f78c3\" style=\"color:#283f29\"><strong>Plants and fruits at the heart of our creations<\/strong><\/p>\n\n\n\n<p class=\"has-text-color has-link-color wp-elements-13f63f4f448d1877236b79266635571f\" style=\"color:#283f29\">The La Roche-Guyon Distillery draws directly from this historic garden to produce its spirits. Fruit, aromatic plants, and botanicals are carefully cultivated here, respecting the seasons and the natural world.<br>We use, in particular:<\/p>\n\n\n\n<ul class=\"wp-block-list\">\n<li class=\"has-text-color has-link-color wp-elements-9ea78978dd0f395a5fae907c0e7cdb80\" style=\"color:#283f29\">Apples and pears from the orchard<\/li>\n\n\n\n<li class=\"has-text-color has-link-color wp-elements-c4601588b340feaff55a9bed4409741b\" style=\"color:#283f29\">Sage, rosemary, thyme,&nbsp;<\/li>\n\n\n\n<li class=\"has-text-color has-link-color wp-elements-2682bc58ef179b1077a8fc5ceea3b214\" style=\"color:#283f29\">Anise<\/li>\n\n\n\n<li class=\"has-text-color has-link-color wp-elements-5cc3b6d3ad0b3217c6f202d81ddac60b\" style=\"color:#283f29\">Apple and pear blossoms<\/li>\n<\/ul>\n\n\n\n<div class=\"wp-block-columns alignwide is-layout-flex wp-container-core-columns-is-layout-28f84493 wp-block-columns-is-layout-flex\">\n<div class=\"wp-block-column is-layout-flow wp-block-column-is-layout-flow\">\n<div class=\"wp-block-buttons is-layout-flex wp-block-buttons-is-layout-flex\">\n<div class=\"wp-block-button is-style-outline is-style-outline--1\"><a class=\"wp-block-button__link has-text-color has-background has-link-color has-baskerville-mt-std-font-family has-text-align-center has-custom-font-size wp-element-button\" href=\"https:\/\/site.distillerielrg.com\/categorie-produit\/nos-spiritueux\/\" style=\"border-top-left-radius:70px;border-top-right-radius:70px;border-bottom-left-radius:70px;border-bottom-right-radius:70px;color:#ffffff;background-color:#283f29;padding-top:var(--wp--preset--spacing--20);padding-right:var(--wp--preset--spacing--20);padding-bottom:var(--wp--preset--spacing--20);padding-left:var(--wp--preset--spacing--20);font-size:clamp(0.875rem, 0.875rem + ((1vw - 0.2rem) * 0.245), 1.01rem);font-style:normal;font-weight:600;text-transform:uppercase\">DISCOVER OUR SPIRITS <\/a><\/div>\n<\/div>\n<\/div>\n<\/div>\n<\/div><\/div>\n\n\n\n<div class=\"wp-block-group alignfull has-background has-global-padding is-layout-constrained wp-container-core-group-is-layout-4897f5cc wp-block-group-is-layout-constrained\" style=\"background-color:#ba9a737a;margin-top:0;margin-bottom:0;padding-top:0;padding-bottom:0\">\n<div style=\"height:74px\" aria-hidden=\"true\" class=\"wp-block-spacer\"><\/div>\n\n\n\n<p class=\"has-text-align-center has-text-color has-link-color wp-elements-9063839fe7c42d807444e110a8b59964\" style=\"color:#283f29;margin-top:0;margin-bottom:0;padding-top:var(--wp--preset--spacing--20);padding-bottom:var(--wp--preset--spacing--20)\">These plants nourish our recipes, give our spirits their identity, and continue a tradition dating back nearly three centuries: that of a vegetable garden designed as a place for experimentation, transmission, and creation. The La Roche-Guyon Distillery also sources its raw materials from the \u00cele-de-France and Normandy regions, neighboring our lands.<br><\/p>\n\n\n\n<div class=\"wp-block-buttons is-content-justification-center is-layout-flex wp-container-core-buttons-is-layout-c936322e wp-block-buttons-is-layout-flex\" style=\"padding-top:var(--wp--preset--spacing--40);padding-bottom:var(--wp--preset--spacing--40)\">\n<div class=\"wp-block-button\"><a class=\"wp-block-button__link has-background has-baskerville-mt-std-font-family has-text-align-center wp-element-button\" href=\"https:\/\/site.distillerielrg.com\/contact\/\" style=\"border-top-left-radius:100px;border-top-right-radius:100px;border-bottom-left-radius:100px;border-bottom-right-radius:100px;background-color:#283f29;padding-top:var(--wp--preset--spacing--30);padding-right:var(--wp--preset--spacing--40);padding-bottom:var(--wp--preset--spacing--30);padding-left:var(--wp--preset--spacing--40);font-style:normal;font-weight:600\">CONTACT US <\/a><\/div>\n<\/div>\n\n\n\n<div style=\"height:38px\" aria-hidden=\"true\" class=\"wp-block-spacer\"><\/div>\n<\/div>\n\n\n\n<p style=\"padding-top:0;padding-bottom:0\"><\/p>\n\n\n\n<p><\/p>","protected":false},"excerpt":{"rendered":"<p>Un potager au c\u0153ur du ch\u00e2teau Tout d\u00e9marre pour la Distillerie dans notre Potager exp\u00e9rimental du XVIIIi\u00e8me si\u00e8cle, au pied du Ch\u00e2teau de La Roche-Guyon, v\u00e9ritable joyau patrimonial et agricole. D\u00e8s 1730, Madeleine-Charlotte Le Tellier, duchesse douairi\u00e8re de La Roche-Guyon et fille du marquis de Louvois, entreprend la restauration et l\u2019embellissement du ch\u00e2teau, du parc [&hellip;]<\/p>\n","protected":false},"author":1,"featured_media":0,"parent":0,"menu_order":0,"comment_status":"closed","ping_status":"closed","template":"","meta":{"footnotes":""},"class_list":["post-54","page","type-page","status-publish","hentry"],"yoast_head":"<!-- This site is optimized with the Yoast SEO plugin v27.1.1 - https:\/\/yoast.com\/product\/yoast-seo-wordpress\/ -->\n<title>La distillerie - Distillerie de La Roche Guyon<\/title>\n<meta name=\"robots\" content=\"index, follow, max-snippet:-1, max-image-preview:large, max-video-preview:-1\" \/>\n<link rel=\"canonical\" href=\"https:\/\/distillerielrg.com\/en\/a-propos\/\" \/>\n<meta property=\"og:locale\" content=\"en_US\" \/>\n<meta property=\"og:type\" content=\"article\" \/>\n<meta property=\"og:title\" content=\"La distillerie - Distillerie de La Roche Guyon\" \/>\n<meta property=\"og:description\" content=\"Un potager au c\u0153ur du ch\u00e2teau Tout d\u00e9marre pour la Distillerie dans notre Potager exp\u00e9rimental du XVIIIi\u00e8me si\u00e8cle, au pied du Ch\u00e2teau de La Roche-Guyon, v\u00e9ritable joyau patrimonial et agricole. D\u00e8s 1730, Madeleine-Charlotte Le Tellier, duchesse douairi\u00e8re de La Roche-Guyon et fille du marquis de Louvois, entreprend la restauration et l\u2019embellissement du ch\u00e2teau, du parc [&hellip;]\" \/>\n<meta property=\"og:url\" content=\"https:\/\/distillerielrg.com\/en\/a-propos\/\" \/>\n<meta property=\"og:site_name\" content=\"Distillerie de La Roche Guyon\" \/>\n<meta property=\"article:modified_time\" content=\"2026-02-17T15:06:30+00:00\" \/>\n<meta property=\"og:image\" content=\"https:\/\/distillerielrg.com\/wp-content\/uploads\/2026\/02\/Stupfler-2.jpg\" \/>\n\t<meta property=\"og:image:width\" content=\"1280\" \/>\n\t<meta property=\"og:image:height\" content=\"720\" \/>\n\t<meta property=\"og:image:type\" content=\"image\/jpeg\" \/>\n<meta name=\"twitter:card\" content=\"summary_large_image\" \/>\n<meta name=\"twitter:label1\" content=\"Est. reading time\" \/>\n\t<meta name=\"twitter:data1\" content=\"2 minutes\" \/>\n<script type=\"application\/ld+json\" class=\"yoast-schema-graph\">{\"@context\":\"https:\/\/schema.org\",\"@graph\":[{\"@type\":\"WebPage\",\"@id\":\"https:\/\/distillerielrg.com\/a-propos\/\",\"url\":\"https:\/\/distillerielrg.com\/a-propos\/\",\"name\":\"La distillerie - Distillerie de La Roche Guyon\",\"isPartOf\":{\"@id\":\"https:\/\/distillerielrg.com\/#website\"},\"primaryImageOfPage\":{\"@id\":\"https:\/\/distillerielrg.com\/a-propos\/#primaryimage\"},\"image\":{\"@id\":\"https:\/\/distillerielrg.com\/a-propos\/#primaryimage\"},\"thumbnailUrl\":\"https:\/\/site.distillerielrg.com\/wp-content\/uploads\/2026\/02\/Stupfler-2-1024x576.jpg\",\"datePublished\":\"2025-11-25T14:02:44+00:00\",\"dateModified\":\"2026-02-17T15:06:30+00:00\",\"breadcrumb\":{\"@id\":\"https:\/\/distillerielrg.com\/a-propos\/#breadcrumb\"},\"inLanguage\":\"en-US\",\"potentialAction\":[{\"@type\":\"ReadAction\",\"target\":[\"https:\/\/distillerielrg.com\/a-propos\/\"]}]},{\"@type\":\"ImageObject\",\"inLanguage\":\"en-US\",\"@id\":\"https:\/\/distillerielrg.com\/a-propos\/#primaryimage\",\"url\":\"https:\/\/site.distillerielrg.com\/wp-content\/uploads\/2026\/02\/Stupfler-2-1024x576.jpg\",\"contentUrl\":\"https:\/\/site.distillerielrg.com\/wp-content\/uploads\/2026\/02\/Stupfler-2-1024x576.jpg\"},{\"@type\":\"BreadcrumbList\",\"@id\":\"https:\/\/distillerielrg.com\/a-propos\/#breadcrumb\",\"itemListElement\":[{\"@type\":\"ListItem\",\"position\":1,\"name\":\"Accueil\",\"item\":\"https:\/\/distillerielrg.com\/\"},{\"@type\":\"ListItem\",\"position\":2,\"name\":\"La distillerie\"}]},{\"@type\":\"WebSite\",\"@id\":\"https:\/\/distillerielrg.com\/#website\",\"url\":\"https:\/\/distillerielrg.com\/\",\"name\":\"Distillerie de La Roche Guyon\",\"description\":\"\",\"publisher\":{\"@id\":\"https:\/\/distillerielrg.com\/#organization\"},\"potentialAction\":[{\"@type\":\"SearchAction\",\"target\":{\"@type\":\"EntryPoint\",\"urlTemplate\":\"https:\/\/distillerielrg.com\/?s={search_term_string}\"},\"query-input\":{\"@type\":\"PropertyValueSpecification\",\"valueRequired\":true,\"valueName\":\"search_term_string\"}}],\"inLanguage\":\"en-US\"},{\"@type\":\"Organization\",\"@id\":\"https:\/\/distillerielrg.com\/#organization\",\"name\":\"Distillerie de La Roche Guyon\",\"url\":\"https:\/\/distillerielrg.com\/\",\"logo\":{\"@type\":\"ImageObject\",\"inLanguage\":\"en-US\",\"@id\":\"https:\/\/distillerielrg.com\/#\/schema\/logo\/image\/\",\"url\":\"https:\/\/distillerielrg.com\/wp-content\/uploads\/2025\/12\/Lgototypes_DLRG-RVB-15.png\",\"contentUrl\":\"https:\/\/distillerielrg.com\/wp-content\/uploads\/2025\/12\/Lgototypes_DLRG-RVB-15.png\",\"width\":709,\"height\":709,\"caption\":\"Distillerie de La Roche Guyon\"},\"image\":{\"@id\":\"https:\/\/distillerielrg.com\/#\/schema\/logo\/image\/\"},\"sameAs\":[\"https:\/\/www.instagram.com\/distillerielrg\/\"]}]}<\/script>\n<!-- \/ Yoast SEO plugin. -->","yoast_head_json":{"title":"La distillerie - Distillerie de La Roche Guyon","robots":{"index":"index","follow":"follow","max-snippet":"max-snippet:-1","max-image-preview":"max-image-preview:large","max-video-preview":"max-video-preview:-1"},"canonical":"https:\/\/distillerielrg.com\/en\/a-propos\/","og_locale":"en_US","og_type":"article","og_title":"La distillerie - Distillerie de La Roche Guyon","og_description":"Un potager au c\u0153ur du ch\u00e2teau Tout d\u00e9marre pour la Distillerie dans notre Potager exp\u00e9rimental du XVIIIi\u00e8me si\u00e8cle, au pied du Ch\u00e2teau de La Roche-Guyon, v\u00e9ritable joyau patrimonial et agricole. D\u00e8s 1730, Madeleine-Charlotte Le Tellier, duchesse douairi\u00e8re de La Roche-Guyon et fille du marquis de Louvois, entreprend la restauration et l\u2019embellissement du ch\u00e2teau, du parc [&hellip;]","og_url":"https:\/\/distillerielrg.com\/en\/a-propos\/","og_site_name":"Distillerie de La Roche Guyon","article_modified_time":"2026-02-17T15:06:30+00:00","og_image":[{"width":1280,"height":720,"url":"https:\/\/distillerielrg.com\/wp-content\/uploads\/2026\/02\/Stupfler-2.jpg","type":"image\/jpeg"}],"twitter_card":"summary_large_image","twitter_misc":{"Est. reading time":"2 minutes"},"schema":{"@context":"https:\/\/schema.org","@graph":[{"@type":"WebPage","@id":"https:\/\/distillerielrg.com\/a-propos\/","url":"https:\/\/distillerielrg.com\/a-propos\/","name":"La distillerie - Distillerie de La Roche Guyon","isPartOf":{"@id":"https:\/\/distillerielrg.com\/#website"},"primaryImageOfPage":{"@id":"https:\/\/distillerielrg.com\/a-propos\/#primaryimage"},"image":{"@id":"https:\/\/distillerielrg.com\/a-propos\/#primaryimage"},"thumbnailUrl":"https:\/\/site.distillerielrg.com\/wp-content\/uploads\/2026\/02\/Stupfler-2-1024x576.jpg","datePublished":"2025-11-25T14:02:44+00:00","dateModified":"2026-02-17T15:06:30+00:00","breadcrumb":{"@id":"https:\/\/distillerielrg.com\/a-propos\/#breadcrumb"},"inLanguage":"en-US","potentialAction":[{"@type":"ReadAction","target":["https:\/\/distillerielrg.com\/a-propos\/"]}]},{"@type":"ImageObject","inLanguage":"en-US","@id":"https:\/\/distillerielrg.com\/a-propos\/#primaryimage","url":"https:\/\/site.distillerielrg.com\/wp-content\/uploads\/2026\/02\/Stupfler-2-1024x576.jpg","contentUrl":"https:\/\/site.distillerielrg.com\/wp-content\/uploads\/2026\/02\/Stupfler-2-1024x576.jpg"},{"@type":"BreadcrumbList","@id":"https:\/\/distillerielrg.com\/a-propos\/#breadcrumb","itemListElement":[{"@type":"ListItem","position":1,"name":"Accueil","item":"https:\/\/distillerielrg.com\/"},{"@type":"ListItem","position":2,"name":"La distillerie"}]},{"@type":"WebSite","@id":"https:\/\/distillerielrg.com\/#website","url":"https:\/\/distillerielrg.com\/","name":"Distillerie de La Roche Guyon","description":"","publisher":{"@id":"https:\/\/distillerielrg.com\/#organization"},"potentialAction":[{"@type":"SearchAction","target":{"@type":"EntryPoint","urlTemplate":"https:\/\/distillerielrg.com\/?s={search_term_string}"},"query-input":{"@type":"PropertyValueSpecification","valueRequired":true,"valueName":"search_term_string"}}],"inLanguage":"en-US"},{"@type":"Organization","@id":"https:\/\/distillerielrg.com\/#organization","name":"Distillerie de La Roche Guyon","url":"https:\/\/distillerielrg.com\/","logo":{"@type":"ImageObject","inLanguage":"en-US","@id":"https:\/\/distillerielrg.com\/#\/schema\/logo\/image\/","url":"https:\/\/distillerielrg.com\/wp-content\/uploads\/2025\/12\/Lgototypes_DLRG-RVB-15.png","contentUrl":"https:\/\/distillerielrg.com\/wp-content\/uploads\/2025\/12\/Lgototypes_DLRG-RVB-15.png","width":709,"height":709,"caption":"Distillerie de La Roche Guyon"},"image":{"@id":"https:\/\/distillerielrg.com\/#\/schema\/logo\/image\/"},"sameAs":["https:\/\/www.instagram.com\/distillerielrg\/"]}]}},"_links":{"self":[{"href":"https:\/\/distillerielrg.com\/en\/wp-json\/wp\/v2\/pages\/54","targetHints":{"allow":["GET"]}}],"collection":[{"href":"https:\/\/distillerielrg.com\/en\/wp-json\/wp\/v2\/pages"}],"about":[{"href":"https:\/\/distillerielrg.com\/en\/wp-json\/wp\/v2\/types\/page"}],"author":[{"embeddable":true,"href":"https:\/\/distillerielrg.com\/en\/wp-json\/wp\/v2\/users\/1"}],"replies":[{"embeddable":true,"href":"https:\/\/distillerielrg.com\/en\/wp-json\/wp\/v2\/comments?post=54"}],"version-history":[{"count":30,"href":"https:\/\/distillerielrg.com\/en\/wp-json\/wp\/v2\/pages\/54\/revisions"}],"predecessor-version":[{"id":2461,"href":"https:\/\/distillerielrg.com\/en\/wp-json\/wp\/v2\/pages\/54\/revisions\/2461"}],"wp:attachment":[{"href":"https:\/\/distillerielrg.com\/en\/wp-json\/wp\/v2\/media?parent=54"}],"curies":[{"name":"wp","href":"https:\/\/api.w.org\/{rel}","templated":true}]}}